{"id":1290,"date":"2023-02-05T21:22:51","date_gmt":"2023-02-05T21:22:51","guid":{"rendered":"https:\/\/tvstreamzilla.com\/es\/?page_id=1290"},"modified":"2023-09-14T14:44:39","modified_gmt":"2023-09-14T14:44:39","slug":"que-es-star","status":"publish","type":"page","link":"https:\/\/tvstreamzilla.com\/es\/que-es-star\/","title":{"rendered":"\u00bfQu\u00e9 es\u00a0STAR+\u00a0?"},"content":{"rendered":"\n<p><a href=\"http:\/\/trx.dgtrk2.com\/aff_c?offer_id=7617&amp;aff_id=13808\" data-internallinksmanager029f6b8e52c=\"9\" title=\"star+\">Star+<\/a> es la mejor experiencia de streaming con sus <a href=\"https:\/\/tvstreamzilla.com\/es\/category\/series\/\" data-internallinksmanager029f6b8e52c=\"30\" title=\"Las mejores series del streaming\">series<\/a> favoritas, <a href=\"https:\/\/tvstreamzilla.com\/es\/category\/mejores-peliculas\/\" data-internallinksmanager029f6b8e52c=\"29\" title=\"Descubre las mejores pel\u00edculas del streaming\">pel\u00edculas<\/a> exitosas, comedias animadas y los mejores eventos deportivos de ESPN.<\/p>\n\n\n\n<p>Star Plus, servicio de streaming del Grupo&nbsp;Disney, ya posee un extenso cat\u00e1logo de campeonatos de f\u00fatbol, principalmente europeos, y lo fortalece a\u00fan m\u00e1s.<\/p>\n\n\n\n<div class=\"wp-block-buttons text-align: center; is-layout-flex\">\n<div class=\"wp-block-button text-align: center ;\"><a class=\"wp-block-button__link has-white-color has-text-color has-background wp-element-button\" href=\"http:\/\/trx.dgtrk2.com\/aff_c?offer_id=7618&amp;aff_id=13938\" style=\"border-radius:24px;background-color:#0d61ff\">SUSCR\u00cdBETE AHORA<\/a><\/div>\n<\/div>\n\n\n\n<h2 class=\"wp-block-heading\">\u00bfQu\u00e9 incluye STAR+ ?<\/h2>\n\n\n\n<p>El cat\u00e1logo de STAR+ tendr\u00e1 en el primer a\u00f1o alrededor de 2000 <a href=\"https:\/\/tvstreamzilla.com\/es\/category\/mejores-peliculas\/\" data-internallinksmanager029f6b8e52c=\"29\" title=\"Descubre las mejores pel\u00edculas del streaming\">pel\u00edculas<\/a> y <a href=\"https:\/\/tvstreamzilla.com\/es\/category\/series\/\" data-internallinksmanager029f6b8e52c=\"30\" title=\"Las mejores series del streaming\">series<\/a> para adultos de los estudios creativos de Disney, incluyendo Disney Television Studios, ABC, FX, 20th Century Studios, 20th Television, Touchstone y m\u00e1s.<\/p>\n\n\n\n<p><\/p>\n\n\n\n<div class=\"wp-block-buttons text-align: center; is-layout-flex\">\n<div class=\"wp-block-button text-align: center ;\" id=\"http:\/\/trx.dgtrk2.com\/aff_c?offer_id=7617&amp;aff_id=13938\"><a class=\"wp-block-button__link has-white-color has-text-color has-background wp-element-button\" href=\"http:\/\/trx.dgtrk2.com\/aff_c?offer_id=7618&amp;aff_id=13938\" style=\"background-color:#0d61ff\">SUSCR\u00cdBETE AHORA<\/a><\/div>\n<\/div>\n\n\n\n<h2 class=\"wp-block-heading\">\u00bfC\u00f3mo contratar  STAR + ?<\/h2>\n\n\n\n<p><strong>Contratar  STAR +<\/strong>&nbsp;es un proceso r\u00e1pido y sencillo. Solo tienes que seguir estos pasos:<\/p>\n\n\n\n<ul>\n<li>Ingresa a la p\u00e1gina oficial de&nbsp;<strong>Star Plus<\/strong><\/li>\n\n\n\n<li>Da clic en el&nbsp;<strong>plan Star Plus<\/strong>&nbsp;que m\u00e1s te guste<\/li>\n\n\n\n<li>Reg\u00edstrate colocando tu nombre, correo electr\u00f3nico y tel\u00e9fono<\/li>\n\n\n\n<li>Coloca los datos de tu tarjeta de d\u00e9bito o cr\u00e9dito.<\/li>\n\n\n\n<li>Recibir\u00e1s un correo electr\u00f3nico con la confirmaci\u00f3n<\/li>\n\n\n\n<li>Ya est\u00e1s \u00a1listo! para comenzar a disfrutar de tu&nbsp;suscripci\u00f3n  STAR+<\/li>\n<\/ul>\n\n\n\n<div class=\"wp-block-buttons text-align: center; is-layout-flex\">\n<div class=\"wp-block-button text-align: center ;\" id=\"http:\/\/trx.dgtrk2.com\/aff_c?offer_id=7617&amp;aff_id=13938\"><a class=\"wp-block-button__link has-white-color has-text-color has-background wp-element-button\" href=\"http:\/\/trx.dgtrk2.com\/aff_c?offer_id=7618&amp;aff_id=13938\" style=\"background-color:#0d61ff\">SUSCR\u00cdBETE AHORA<\/a><\/div>\n<\/div>\n","protected":false},"excerpt":{"rendered":"<p>Star+ es la mejor experiencia de streaming con sus series favoritas, pel\u00edculas exitosas, comedias animadas y los mejores eventos deportivos de ESPN. Star Plus, servicio de streaming del Grupo&nbsp;Disney, ya posee un extenso cat\u00e1logo de campeonatos de f\u00fatbol, principalmente europeos, y lo fortalece a\u00fan m\u00e1s. \u00bfQu\u00e9 incluye STAR+ ? El cat\u00e1logo de STAR+ tendr\u00e1 en [&hellip;]<\/p>\n","protected":false},"author":1,"featured_media":1292,"parent":0,"menu_order":0,"comment_status":"closed","ping_status":"closed","template":"","meta":{"_mi_skip_tracking":false,"_monsterinsights_sitenote_active":false,"_monsterinsights_sitenote_note":"","_monsterinsights_sitenote_category":0},"yoast_head":"<!-- This site is optimized with the Yoast SEO plugin v20.8 - https:\/\/yoast.com\/wordpress\/plugins\/seo\/ -->\n<title>\u00bfQu\u00e9 es\u00a0STAR+\u00a0? - Las \u00faltimas novedades en streaming de series de televisi\u00f3n, deportes y pel\u00edculas.<\/title>\n<meta name=\"robots\" content=\"index, follow, max-snippet:-1, max-image-preview:large, max-video-preview:-1\" \/>\n<link rel=\"canonical\" href=\"https:\/\/tvstreamzilla.com\/es\/que-es-star\/\" \/>\n<meta property=\"og:locale\" content=\"es_ES\" \/>\n<meta property=\"og:type\" content=\"article\" \/>\n<meta property=\"og:title\" content=\"\u00bfQu\u00e9 es\u00a0STAR+\u00a0? - Las \u00faltimas novedades en streaming de series de televisi\u00f3n, deportes y pel\u00edculas.\" \/>\n<meta property=\"og:description\" content=\"Star+ es la mejor experiencia de streaming con sus series favoritas, pel\u00edculas exitosas, comedias animadas y los mejores eventos deportivos de ESPN. Star Plus, servicio de streaming del Grupo&nbsp;Disney, ya posee un extenso cat\u00e1logo de campeonatos de f\u00fatbol, principalmente europeos, y lo fortalece a\u00fan m\u00e1s. \u00bfQu\u00e9 incluye STAR+ ? El cat\u00e1logo de STAR+ tendr\u00e1 en [&hellip;]\" \/>\n<meta property=\"og:url\" content=\"https:\/\/tvstreamzilla.com\/es\/que-es-star\/\" \/>\n<meta property=\"og:site_name\" content=\"Las \u00faltimas novedades en streaming de series de televisi\u00f3n, deportes y pel\u00edculas.\" \/>\n<meta property=\"article:modified_time\" content=\"2023-09-14T14:44:39+00:00\" \/>\n<meta property=\"og:image\" content=\"https:\/\/tvstreamzilla.com\/es\/wp-content\/uploads\/sites\/2\/2023\/02\/STAR_PL_KV_Latam_3Pillars_Rola_4p_2.jpg\" \/>\n\t<meta property=\"og:image:width\" content=\"1080\" \/>\n\t<meta property=\"og:image:height\" content=\"844\" \/>\n\t<meta property=\"og:image:type\" content=\"image\/jpeg\" \/>\n<meta name=\"twitter:card\" content=\"summary_large_image\" \/>\n<meta name=\"twitter:label1\" content=\"Tiempo de lectura\" \/>\n\t<meta name=\"twitter:data1\" content=\"1 minuto\" \/>\n<script type=\"application\/ld+json\" class=\"yoast-schema-graph\">{\"@context\":\"https:\/\/schema.org\",\"@graph\":[{\"@type\":\"WebPage\",\"@id\":\"https:\/\/tvstreamzilla.com\/es\/que-es-star\/\",\"url\":\"https:\/\/tvstreamzilla.com\/es\/que-es-star\/\",\"name\":\"\u00bfQu\u00e9 es\u00a0STAR+\u00a0? - Las \u00faltimas novedades en streaming de series de televisi\u00f3n, deportes y pel\u00edculas.\",\"isPartOf\":{\"@id\":\"https:\/\/tvstreamzilla.com\/es\/#website\"},\"datePublished\":\"2023-02-05T21:22:51+00:00\",\"dateModified\":\"2023-09-14T14:44:39+00:00\",\"breadcrumb\":{\"@id\":\"https:\/\/tvstreamzilla.com\/es\/que-es-star\/#breadcrumb\"},\"inLanguage\":\"es\",\"potentialAction\":[{\"@type\":\"ReadAction\",\"target\":[\"https:\/\/tvstreamzilla.com\/es\/que-es-star\/\"]}]},{\"@type\":\"BreadcrumbList\",\"@id\":\"https:\/\/tvstreamzilla.com\/es\/que-es-star\/#breadcrumb\",\"itemListElement\":[{\"@type\":\"ListItem\",\"position\":1,\"name\":\"Home\",\"item\":\"https:\/\/tvstreamzilla.com\/es\/\"},{\"@type\":\"ListItem\",\"position\":2,\"name\":\"\u00bfQu\u00e9 es\u00a0STAR+\u00a0?\"}]},{\"@type\":\"WebSite\",\"@id\":\"https:\/\/tvstreamzilla.com\/es\/#website\",\"url\":\"https:\/\/tvstreamzilla.com\/es\/\",\"name\":\"Las \u00faltimas novedades en streaming de series de televisi\u00f3n, deportes y pel\u00edculas.\",\"description\":\"Streaming tv shows and movies\",\"potentialAction\":[{\"@type\":\"SearchAction\",\"target\":{\"@type\":\"EntryPoint\",\"urlTemplate\":\"https:\/\/tvstreamzilla.com\/es\/?s={search_term_string}\"},\"query-input\":\"required name=search_term_string\"}],\"inLanguage\":\"es\"}]}<\/script>\n<!-- \/ Yoast SEO plugin. -->","yoast_head_json":{"title":"\u00bfQu\u00e9 es\u00a0STAR+\u00a0? - Las \u00faltimas novedades en streaming de series de televisi\u00f3n, deportes y pel\u00edculas.","robots":{"index":"index","follow":"follow","max-snippet":"max-snippet:-1","max-image-preview":"max-image-preview:large","max-video-preview":"max-video-preview:-1"},"canonical":"https:\/\/tvstreamzilla.com\/es\/que-es-star\/","og_locale":"es_ES","og_type":"article","og_title":"\u00bfQu\u00e9 es\u00a0STAR+\u00a0? - Las \u00faltimas novedades en streaming de series de televisi\u00f3n, deportes y pel\u00edculas.","og_description":"Star+ es la mejor experiencia de streaming con sus series favoritas, pel\u00edculas exitosas, comedias animadas y los mejores eventos deportivos de ESPN. Star Plus, servicio de streaming del Grupo&nbsp;Disney, ya posee un extenso cat\u00e1logo de campeonatos de f\u00fatbol, principalmente europeos, y lo fortalece a\u00fan m\u00e1s. \u00bfQu\u00e9 incluye STAR+ ? El cat\u00e1logo de STAR+ tendr\u00e1 en [&hellip;]","og_url":"https:\/\/tvstreamzilla.com\/es\/que-es-star\/","og_site_name":"Las \u00faltimas novedades en streaming de series de televisi\u00f3n, deportes y pel\u00edculas.","article_modified_time":"2023-09-14T14:44:39+00:00","og_image":[{"width":1080,"height":844,"url":"https:\/\/tvstreamzilla.com\/es\/wp-content\/uploads\/sites\/2\/2023\/02\/STAR_PL_KV_Latam_3Pillars_Rola_4p_2.jpg","type":"image\/jpeg"}],"twitter_card":"summary_large_image","twitter_misc":{"Tiempo de lectura":"1 minuto"},"schema":{"@context":"https:\/\/schema.org","@graph":[{"@type":"WebPage","@id":"https:\/\/tvstreamzilla.com\/es\/que-es-star\/","url":"https:\/\/tvstreamzilla.com\/es\/que-es-star\/","name":"\u00bfQu\u00e9 es\u00a0STAR+\u00a0? - Las \u00faltimas novedades en streaming de series de televisi\u00f3n, deportes y pel\u00edculas.","isPartOf":{"@id":"https:\/\/tvstreamzilla.com\/es\/#website"},"datePublished":"2023-02-05T21:22:51+00:00","dateModified":"2023-09-14T14:44:39+00:00","breadcrumb":{"@id":"https:\/\/tvstreamzilla.com\/es\/que-es-star\/#breadcrumb"},"inLanguage":"es","potentialAction":[{"@type":"ReadAction","target":["https:\/\/tvstreamzilla.com\/es\/que-es-star\/"]}]},{"@type":"BreadcrumbList","@id":"https:\/\/tvstreamzilla.com\/es\/que-es-star\/#breadcrumb","itemListElement":[{"@type":"ListItem","position":1,"name":"Home","item":"https:\/\/tvstreamzilla.com\/es\/"},{"@type":"ListItem","position":2,"name":"\u00bfQu\u00e9 es\u00a0STAR+\u00a0?"}]},{"@type":"WebSite","@id":"https:\/\/tvstreamzilla.com\/es\/#website","url":"https:\/\/tvstreamzilla.com\/es\/","name":"Las \u00faltimas novedades en streaming de series de televisi\u00f3n, deportes y pel\u00edculas.","description":"Streaming tv shows and movies","potentialAction":[{"@type":"SearchAction","target":{"@type":"EntryPoint","urlTemplate":"https:\/\/tvstreamzilla.com\/es\/?s={search_term_string}"},"query-input":"required name=search_term_string"}],"inLanguage":"es"}]}},"_links":{"self":[{"href":"https:\/\/tvstreamzilla.com\/es\/wp-json\/wp\/v2\/pages\/1290"}],"collection":[{"href":"https:\/\/tvstreamzilla.com\/es\/wp-json\/wp\/v2\/pages"}],"about":[{"href":"https:\/\/tvstreamzilla.com\/es\/wp-json\/wp\/v2\/types\/page"}],"author":[{"embeddable":true,"href":"https:\/\/tvstreamzilla.com\/es\/wp-json\/wp\/v2\/users\/1"}],"replies":[{"embeddable":true,"href":"https:\/\/tvstreamzilla.com\/es\/wp-json\/wp\/v2\/comments?post=1290"}],"version-history":[{"count":9,"href":"https:\/\/tvstreamzilla.com\/es\/wp-json\/wp\/v2\/pages\/1290\/revisions"}],"predecessor-version":[{"id":1563,"href":"https:\/\/tvstreamzilla.com\/es\/wp-json\/wp\/v2\/pages\/1290\/revisions\/1563"}],"wp:featuredmedia":[{"embeddable":true,"href":"https:\/\/tvstreamzilla.com\/es\/wp-json\/wp\/v2\/media\/1292"}],"wp:attachment":[{"href":"https:\/\/tvstreamzilla.com\/es\/wp-json\/wp\/v2\/media?parent=1290"}],"curies":[{"name":"wp","href":"https:\/\/api.w.org\/{rel}","templated":true}]}}