{"id":1336,"date":"2023-06-13T12:26:33","date_gmt":"2023-06-13T12:26:33","guid":{"rendered":"https:\/\/tvstreamzilla.com\/es\/o-que-e-a-hbo-max\/"},"modified":"2023-09-13T14:12:27","modified_gmt":"2023-09-13T14:12:27","slug":"que-es-hbo-max","status":"publish","type":"page","link":"https:\/\/tvstreamzilla.com\/es\/que-es-hbo-max\/","title":{"rendered":"\u00bfQu\u00e9 es HBO Max?"},"content":{"rendered":"\n<p><a href=\"http:\/\/trx.dgtrk2.com\/aff_c?offer_id=7507&amp;aff_id=13808\" target=\"_blank\" rel=\"noreferrer noopener\">HBO Max<\/a>&nbsp;es una aplicaci\u00f3n de streaming premium que combina toda&nbsp;<a href=\"http:\/\/trx.dgtrk2.com\/aff_c?offer_id=7507&amp;aff_id=13808\" target=\"_blank\" rel=\"noreferrer noopener\">HBO<\/a>&nbsp;con otras series de TV imperdibles, pel\u00edculas taquiller y Max Originals exclusivos.<br>Con miles de horas de entretenimiento sin l\u00edmites, tenemos algo para cada miembro de su familia. As\u00ed que rel\u00e1jate en tu atuendo de sal\u00f3n m\u00e1s c\u00f3modo y encuentra tu pr\u00f3ximo favorito en uno de nuestros centros seleccionados, incluyendo DC, Cartoon Network Collection, TCM Featured Classics, Sesame Workshop y m\u00e1s.<\/p>\n\n\n\n<div class=\"wp-block-buttons text-align: center; is-layout-flex\">\n<div class=\"wp-block-button text-align: center ;\"><a class=\"wp-block-button__link has-white-color has-text-color has-background wp-element-button\" href=\"https:\/\/trx.dgtrk2.com\/aff_c?offer_id=7507&amp;aff_id=13808\" style=\"background-color:#0d61ff\">INSCREVA-SE AGORA<\/a><\/div>\n<\/div>\n\n\n\n<h2 class=\"wp-block-heading\">\u00bfQu\u00e9 incluye&nbsp;<a href=\"http:\/\/trx.dgtrk2.com\/aff_c?offer_id=7507&amp;aff_id=13808\" target=\"_blank\" rel=\"noreferrer noopener\">HBO Max<\/a>&nbsp;?<\/h2>\n\n\n\n<p>Descubre los mejores programas de TV en&nbsp;<a href=\"http:\/\/trx.dgtrk2.com\/aff_c?offer_id=7507&amp;aff_id=13808\" target=\"_blank\" rel=\"noreferrer noopener\">HBO Max<\/a>. Mira todos los programas de&nbsp;<a href=\"http:\/\/trx.dgtrk2.com\/aff_c?offer_id=7507&amp;aff_id=13808\" target=\"_blank\" rel=\"noreferrer noopener\">HBO<\/a>&nbsp;y&nbsp;<a href=\"http:\/\/trx.dgtrk2.com\/aff_c?offer_id=7507&amp;aff_id=13808\" target=\"_blank\" rel=\"noreferrer noopener\">HBO Max<\/a>, incluyendo las mejores series de comedia, acci\u00f3n, suspenso y televisi\u00f3n. Encuentre aqu\u00ed los programas de TV m\u00e1s vistos, desde los m\u00e1s recientes hasta los grandes cl\u00e1sicos, perfectos para su marat\u00f3n. \u00a1Todo ello en un solo lugar!<\/p>\n\n\n\n<div class=\"wp-block-buttons text-align: center; is-layout-flex\">\n<div class=\"wp-block-button text-align: center ;\"><a class=\"wp-block-button__link has-white-color has-text-color has-background wp-element-button\" href=\"https:\/\/trx.dgtrk2.com\/aff_c?offer_id=7507&amp;aff_id=13808\" style=\"background-color:#0d61ff\"> INSCREVA-SE AGORA <\/a><\/div>\n<\/div>\n\n\n\n<h2 class=\"wp-block-heading\">\u00bfC\u00f3mo conseguir&nbsp;<a href=\"http:\/\/trx.dgtrk2.com\/aff_c?offer_id=7507&amp;aff_id=13808\" target=\"_blank\" rel=\"noreferrer noopener\">HBO Max<\/a>&nbsp;?<\/h2>\n\n\n\n<p>Para descargar, usted necesita:<\/p>\n\n\n\n<ul>\n<li>Una conexi\u00f3n a internet<\/li>\n\n\n\n<li>La aplicaci\u00f3n&nbsp;<a href=\"http:\/\/trx.dgtrk2.com\/aff_c?offer_id=7507&amp;aff_id=13808\" target=\"_blank\" rel=\"noreferrer noopener\">HBO Max<\/a>&nbsp;en su tel\u00e9fono o tableta<\/li>\n\n\n\n<li>Abra la aplicaci\u00f3n&nbsp;<a href=\"http:\/\/trx.dgtrk2.com\/aff_c?offer_id=7507&amp;aff_id=13808\" target=\"_blank\" rel=\"noreferrer noopener\">HBO Max<\/a>&nbsp;en su tel\u00e9fono o tableta e inicie sesi\u00f3n (si es necesario).<\/li>\n\n\n\n<li>Aseg\u00farese de estar conectado a una red inal\u00e1mbrica.<\/li>\n\n\n\n<li>Elige un episodio o pel\u00edcula que quieras descargar.<\/li>\n<\/ul>\n\n\n\n<div class=\"wp-block-buttons text-align: center; is-layout-flex\">\n<div class=\"wp-block-button text-align: center ;\"><a class=\"wp-block-button__link has-white-color has-text-color has-background wp-element-button\" href=\"https:\/\/trx.dgtrk2.com\/aff_c?offer_id=7507&amp;aff_id=13808\" style=\"background-color:#0d61ff\"> INSCREVA-SE AGORA <\/a><\/div>\n<\/div>\n","protected":false},"excerpt":{"rendered":"<p>HBO Max&nbsp;es una aplicaci\u00f3n de streaming premium que combina toda&nbsp;HBO&nbsp;con otras series de TV imperdibles, pel\u00edculas taquiller y Max Originals exclusivos.Con miles de horas de entretenimiento sin l\u00edmites, tenemos algo para cada miembro de su familia. As\u00ed que rel\u00e1jate en tu atuendo de sal\u00f3n m\u00e1s c\u00f3modo y encuentra tu pr\u00f3ximo favorito en uno de nuestros [&hellip;]<\/p>\n","protected":false},"author":4,"featured_media":0,"parent":0,"menu_order":0,"comment_status":"closed","ping_status":"closed","template":"","meta":{"_mi_skip_tracking":false,"_monsterinsights_sitenote_active":false,"_monsterinsights_sitenote_note":"","_monsterinsights_sitenote_category":0},"yoast_head":"<!-- This site is optimized with the Yoast SEO plugin v20.8 - https:\/\/yoast.com\/wordpress\/plugins\/seo\/ -->\n<title>\u00bfQu\u00e9 es HBO Max? - Las \u00faltimas novedades en streaming de series de televisi\u00f3n, deportes y pel\u00edculas.<\/title>\n<meta name=\"robots\" content=\"index, follow, max-snippet:-1, max-image-preview:large, max-video-preview:-1\" \/>\n<link rel=\"canonical\" href=\"https:\/\/tvstreamzilla.com\/es\/que-es-hbo-max\/\" \/>\n<meta property=\"og:locale\" content=\"es_ES\" \/>\n<meta property=\"og:type\" content=\"article\" \/>\n<meta property=\"og:title\" content=\"\u00bfQu\u00e9 es HBO Max? - Las \u00faltimas novedades en streaming de series de televisi\u00f3n, deportes y pel\u00edculas.\" \/>\n<meta property=\"og:description\" content=\"HBO Max&nbsp;es una aplicaci\u00f3n de streaming premium que combina toda&nbsp;HBO&nbsp;con otras series de TV imperdibles, pel\u00edculas taquiller y Max Originals exclusivos.Con miles de horas de entretenimiento sin l\u00edmites, tenemos algo para cada miembro de su familia. As\u00ed que rel\u00e1jate en tu atuendo de sal\u00f3n m\u00e1s c\u00f3modo y encuentra tu pr\u00f3ximo favorito en uno de nuestros [&hellip;]\" \/>\n<meta property=\"og:url\" content=\"https:\/\/tvstreamzilla.com\/es\/que-es-hbo-max\/\" \/>\n<meta property=\"og:site_name\" content=\"Las \u00faltimas novedades en streaming de series de televisi\u00f3n, deportes y pel\u00edculas.\" \/>\n<meta property=\"article:modified_time\" content=\"2023-09-13T14:12:27+00:00\" \/>\n<meta name=\"twitter:card\" content=\"summary_large_image\" \/>\n<meta name=\"twitter:label1\" content=\"Tiempo de lectura\" \/>\n\t<meta name=\"twitter:data1\" content=\"1 minuto\" \/>\n<script type=\"application\/ld+json\" class=\"yoast-schema-graph\">{\"@context\":\"https:\/\/schema.org\",\"@graph\":[{\"@type\":\"WebPage\",\"@id\":\"https:\/\/tvstreamzilla.com\/es\/que-es-hbo-max\/\",\"url\":\"https:\/\/tvstreamzilla.com\/es\/que-es-hbo-max\/\",\"name\":\"\u00bfQu\u00e9 es HBO Max? - Las \u00faltimas novedades en streaming de series de televisi\u00f3n, deportes y pel\u00edculas.\",\"isPartOf\":{\"@id\":\"https:\/\/tvstreamzilla.com\/es\/#website\"},\"datePublished\":\"2023-06-13T12:26:33+00:00\",\"dateModified\":\"2023-09-13T14:12:27+00:00\",\"breadcrumb\":{\"@id\":\"https:\/\/tvstreamzilla.com\/es\/que-es-hbo-max\/#breadcrumb\"},\"inLanguage\":\"es\",\"potentialAction\":[{\"@type\":\"ReadAction\",\"target\":[\"https:\/\/tvstreamzilla.com\/es\/que-es-hbo-max\/\"]}]},{\"@type\":\"BreadcrumbList\",\"@id\":\"https:\/\/tvstreamzilla.com\/es\/que-es-hbo-max\/#breadcrumb\",\"itemListElement\":[{\"@type\":\"ListItem\",\"position\":1,\"name\":\"Home\",\"item\":\"https:\/\/tvstreamzilla.com\/es\/\"},{\"@type\":\"ListItem\",\"position\":2,\"name\":\"\u00bfQu\u00e9 es HBO Max?\"}]},{\"@type\":\"WebSite\",\"@id\":\"https:\/\/tvstreamzilla.com\/es\/#website\",\"url\":\"https:\/\/tvstreamzilla.com\/es\/\",\"name\":\"Las \u00faltimas novedades en streaming de series de televisi\u00f3n, deportes y pel\u00edculas.\",\"description\":\"Streaming tv shows and movies\",\"potentialAction\":[{\"@type\":\"SearchAction\",\"target\":{\"@type\":\"EntryPoint\",\"urlTemplate\":\"https:\/\/tvstreamzilla.com\/es\/?s={search_term_string}\"},\"query-input\":\"required name=search_term_string\"}],\"inLanguage\":\"es\"}]}<\/script>\n<!-- \/ Yoast SEO plugin. -->","yoast_head_json":{"title":"\u00bfQu\u00e9 es HBO Max? - Las \u00faltimas novedades en streaming de series de televisi\u00f3n, deportes y pel\u00edculas.","robots":{"index":"index","follow":"follow","max-snippet":"max-snippet:-1","max-image-preview":"max-image-preview:large","max-video-preview":"max-video-preview:-1"},"canonical":"https:\/\/tvstreamzilla.com\/es\/que-es-hbo-max\/","og_locale":"es_ES","og_type":"article","og_title":"\u00bfQu\u00e9 es HBO Max? - Las \u00faltimas novedades en streaming de series de televisi\u00f3n, deportes y pel\u00edculas.","og_description":"HBO Max&nbsp;es una aplicaci\u00f3n de streaming premium que combina toda&nbsp;HBO&nbsp;con otras series de TV imperdibles, pel\u00edculas taquiller y Max Originals exclusivos.Con miles de horas de entretenimiento sin l\u00edmites, tenemos algo para cada miembro de su familia. As\u00ed que rel\u00e1jate en tu atuendo de sal\u00f3n m\u00e1s c\u00f3modo y encuentra tu pr\u00f3ximo favorito en uno de nuestros [&hellip;]","og_url":"https:\/\/tvstreamzilla.com\/es\/que-es-hbo-max\/","og_site_name":"Las \u00faltimas novedades en streaming de series de televisi\u00f3n, deportes y pel\u00edculas.","article_modified_time":"2023-09-13T14:12:27+00:00","twitter_card":"summary_large_image","twitter_misc":{"Tiempo de lectura":"1 minuto"},"schema":{"@context":"https:\/\/schema.org","@graph":[{"@type":"WebPage","@id":"https:\/\/tvstreamzilla.com\/es\/que-es-hbo-max\/","url":"https:\/\/tvstreamzilla.com\/es\/que-es-hbo-max\/","name":"\u00bfQu\u00e9 es HBO Max? - Las \u00faltimas novedades en streaming de series de televisi\u00f3n, deportes y pel\u00edculas.","isPartOf":{"@id":"https:\/\/tvstreamzilla.com\/es\/#website"},"datePublished":"2023-06-13T12:26:33+00:00","dateModified":"2023-09-13T14:12:27+00:00","breadcrumb":{"@id":"https:\/\/tvstreamzilla.com\/es\/que-es-hbo-max\/#breadcrumb"},"inLanguage":"es","potentialAction":[{"@type":"ReadAction","target":["https:\/\/tvstreamzilla.com\/es\/que-es-hbo-max\/"]}]},{"@type":"BreadcrumbList","@id":"https:\/\/tvstreamzilla.com\/es\/que-es-hbo-max\/#breadcrumb","itemListElement":[{"@type":"ListItem","position":1,"name":"Home","item":"https:\/\/tvstreamzilla.com\/es\/"},{"@type":"ListItem","position":2,"name":"\u00bfQu\u00e9 es HBO Max?"}]},{"@type":"WebSite","@id":"https:\/\/tvstreamzilla.com\/es\/#website","url":"https:\/\/tvstreamzilla.com\/es\/","name":"Las \u00faltimas novedades en streaming de series de televisi\u00f3n, deportes y pel\u00edculas.","description":"Streaming tv shows and movies","potentialAction":[{"@type":"SearchAction","target":{"@type":"EntryPoint","urlTemplate":"https:\/\/tvstreamzilla.com\/es\/?s={search_term_string}"},"query-input":"required name=search_term_string"}],"inLanguage":"es"}]}},"_links":{"self":[{"href":"https:\/\/tvstreamzilla.com\/es\/wp-json\/wp\/v2\/pages\/1336"}],"collection":[{"href":"https:\/\/tvstreamzilla.com\/es\/wp-json\/wp\/v2\/pages"}],"about":[{"href":"https:\/\/tvstreamzilla.com\/es\/wp-json\/wp\/v2\/types\/page"}],"author":[{"embeddable":true,"href":"https:\/\/tvstreamzilla.com\/es\/wp-json\/wp\/v2\/users\/4"}],"replies":[{"embeddable":true,"href":"https:\/\/tvstreamzilla.com\/es\/wp-json\/wp\/v2\/comments?post=1336"}],"version-history":[{"count":3,"href":"https:\/\/tvstreamzilla.com\/es\/wp-json\/wp\/v2\/pages\/1336\/revisions"}],"predecessor-version":[{"id":1547,"href":"https:\/\/tvstreamzilla.com\/es\/wp-json\/wp\/v2\/pages\/1336\/revisions\/1547"}],"wp:attachment":[{"href":"https:\/\/tvstreamzilla.com\/es\/wp-json\/wp\/v2\/media?parent=1336"}],"curies":[{"name":"wp","href":"https:\/\/api.w.org\/{rel}","templated":true}]}}