{"id":1551,"date":"2023-09-12T21:55:53","date_gmt":"2023-09-12T21:55:53","guid":{"rendered":"https:\/\/tvstreamzilla.com\/es\/?page_id=1551"},"modified":"2023-09-13T13:29:27","modified_gmt":"2023-09-13T13:29:27","slug":"que-es-hbo-max-2","status":"publish","type":"page","link":"https:\/\/tvstreamzilla.com\/es\/que-es-hbo-max-2\/","title":{"rendered":"Suscr\u00edbete a HBOMAX"},"content":{"rendered":"\n<ins class='dcmads' style='display:inline-block;width:1024px;height:768px'\n    data-dcm-placement='N286407.2558366DGMAXINTERACTIVE\/B26120609.374231461'\n    data-dcm-rendering-mode='script'\n    data-dcm-https-only\n    data-dcm-api-frameworks='[APIFRAMEWORKS]'\n    data-dcm-omid-partner='[OMIDPARTNER]'\n    data-dcm-gdpr-applies='gdpr=${GDPR}'\n    data-dcm-gdpr-consent='gdpr_consent=${GDPR_CONSENT_755}'\n    data-dcm-addtl-consent='addtl_consent=${ADDTL_CONSENT}'\n    data-dcm-ltd='false'\n    data-dcm-resettable-device-id=''\n    data-dcm-app-id=''>\n  <script src='https:\/\/www.googletagservices.com\/dcm\/dcmads.js'><\/script>\n<\/ins>\n","protected":false},"excerpt":{"rendered":"","protected":false},"author":1,"featured_media":868,"parent":0,"menu_order":0,"comment_status":"closed","ping_status":"closed","template":"","meta":{"_mi_skip_tracking":false,"_monsterinsights_sitenote_active":false,"_monsterinsights_sitenote_note":"","_monsterinsights_sitenote_category":0},"yoast_head":"<!-- This site is optimized with the Yoast SEO plugin v20.8 - https:\/\/yoast.com\/wordpress\/plugins\/seo\/ -->\n<title>Suscr\u00edbete a HBOMAX - Las \u00faltimas novedades en streaming de series de televisi\u00f3n, deportes y pel\u00edculas.<\/title>\n<meta name=\"robots\" content=\"index, follow, max-snippet:-1, max-image-preview:large, max-video-preview:-1\" \/>\n<link rel=\"canonical\" href=\"https:\/\/tvstreamzilla.com\/es\/que-es-hbo-max-2\/\" \/>\n<meta property=\"og:locale\" content=\"es_ES\" \/>\n<meta property=\"og:type\" content=\"article\" \/>\n<meta property=\"og:title\" content=\"Suscr\u00edbete a HBOMAX - Las \u00faltimas novedades en streaming de series de televisi\u00f3n, deportes y pel\u00edculas.\" \/>\n<meta property=\"og:url\" content=\"https:\/\/tvstreamzilla.com\/es\/que-es-hbo-max-2\/\" \/>\n<meta property=\"og:site_name\" content=\"Las \u00faltimas novedades en streaming de series de televisi\u00f3n, deportes y pel\u00edculas.\" \/>\n<meta property=\"article:modified_time\" content=\"2023-09-13T13:29:27+00:00\" \/>\n<meta property=\"og:image\" content=\"https:\/\/tvstreamzilla.com\/es\/wp-content\/uploads\/sites\/2\/2022\/01\/hbo-maz.jpg\" \/>\n\t<meta property=\"og:image:width\" content=\"1200\" \/>\n\t<meta property=\"og:image:height\" content=\"675\" \/>\n\t<meta property=\"og:image:type\" content=\"image\/jpeg\" \/>\n<meta name=\"twitter:card\" content=\"summary_large_image\" \/>\n<script type=\"application\/ld+json\" class=\"yoast-schema-graph\">{\"@context\":\"https:\/\/schema.org\",\"@graph\":[{\"@type\":\"WebPage\",\"@id\":\"https:\/\/tvstreamzilla.com\/es\/que-es-hbo-max-2\/\",\"url\":\"https:\/\/tvstreamzilla.com\/es\/que-es-hbo-max-2\/\",\"name\":\"Suscr\u00edbete a HBOMAX - Las \u00faltimas novedades en streaming de series de televisi\u00f3n, deportes y pel\u00edculas.\",\"isPartOf\":{\"@id\":\"https:\/\/tvstreamzilla.com\/es\/#website\"},\"datePublished\":\"2023-09-12T21:55:53+00:00\",\"dateModified\":\"2023-09-13T13:29:27+00:00\",\"breadcrumb\":{\"@id\":\"https:\/\/tvstreamzilla.com\/es\/que-es-hbo-max-2\/#breadcrumb\"},\"inLanguage\":\"es\",\"potentialAction\":[{\"@type\":\"ReadAction\",\"target\":[\"https:\/\/tvstreamzilla.com\/es\/que-es-hbo-max-2\/\"]}]},{\"@type\":\"BreadcrumbList\",\"@id\":\"https:\/\/tvstreamzilla.com\/es\/que-es-hbo-max-2\/#breadcrumb\",\"itemListElement\":[{\"@type\":\"ListItem\",\"position\":1,\"name\":\"Home\",\"item\":\"https:\/\/tvstreamzilla.com\/es\/\"},{\"@type\":\"ListItem\",\"position\":2,\"name\":\"Suscr\u00edbete a HBOMAX\"}]},{\"@type\":\"WebSite\",\"@id\":\"https:\/\/tvstreamzilla.com\/es\/#website\",\"url\":\"https:\/\/tvstreamzilla.com\/es\/\",\"name\":\"Las \u00faltimas novedades en streaming de series de televisi\u00f3n, deportes y pel\u00edculas.\",\"description\":\"Streaming tv shows and movies\",\"potentialAction\":[{\"@type\":\"SearchAction\",\"target\":{\"@type\":\"EntryPoint\",\"urlTemplate\":\"https:\/\/tvstreamzilla.com\/es\/?s={search_term_string}\"},\"query-input\":\"required name=search_term_string\"}],\"inLanguage\":\"es\"}]}<\/script>\n<!-- \/ Yoast SEO plugin. -->","yoast_head_json":{"title":"Suscr\u00edbete a HBOMAX - Las \u00faltimas novedades en streaming de series de televisi\u00f3n, deportes y pel\u00edculas.","robots":{"index":"index","follow":"follow","max-snippet":"max-snippet:-1","max-image-preview":"max-image-preview:large","max-video-preview":"max-video-preview:-1"},"canonical":"https:\/\/tvstreamzilla.com\/es\/que-es-hbo-max-2\/","og_locale":"es_ES","og_type":"article","og_title":"Suscr\u00edbete a HBOMAX - Las \u00faltimas novedades en streaming de series de televisi\u00f3n, deportes y pel\u00edculas.","og_url":"https:\/\/tvstreamzilla.com\/es\/que-es-hbo-max-2\/","og_site_name":"Las \u00faltimas novedades en streaming de series de televisi\u00f3n, deportes y pel\u00edculas.","article_modified_time":"2023-09-13T13:29:27+00:00","og_image":[{"width":1200,"height":675,"url":"https:\/\/tvstreamzilla.com\/es\/wp-content\/uploads\/sites\/2\/2022\/01\/hbo-maz.jpg","type":"image\/jpeg"}],"twitter_card":"summary_large_image","schema":{"@context":"https:\/\/schema.org","@graph":[{"@type":"WebPage","@id":"https:\/\/tvstreamzilla.com\/es\/que-es-hbo-max-2\/","url":"https:\/\/tvstreamzilla.com\/es\/que-es-hbo-max-2\/","name":"Suscr\u00edbete a HBOMAX - Las \u00faltimas novedades en streaming de series de televisi\u00f3n, deportes y pel\u00edculas.","isPartOf":{"@id":"https:\/\/tvstreamzilla.com\/es\/#website"},"datePublished":"2023-09-12T21:55:53+00:00","dateModified":"2023-09-13T13:29:27+00:00","breadcrumb":{"@id":"https:\/\/tvstreamzilla.com\/es\/que-es-hbo-max-2\/#breadcrumb"},"inLanguage":"es","potentialAction":[{"@type":"ReadAction","target":["https:\/\/tvstreamzilla.com\/es\/que-es-hbo-max-2\/"]}]},{"@type":"BreadcrumbList","@id":"https:\/\/tvstreamzilla.com\/es\/que-es-hbo-max-2\/#breadcrumb","itemListElement":[{"@type":"ListItem","position":1,"name":"Home","item":"https:\/\/tvstreamzilla.com\/es\/"},{"@type":"ListItem","position":2,"name":"Suscr\u00edbete a HBOMAX"}]},{"@type":"WebSite","@id":"https:\/\/tvstreamzilla.com\/es\/#website","url":"https:\/\/tvstreamzilla.com\/es\/","name":"Las \u00faltimas novedades en streaming de series de televisi\u00f3n, deportes y pel\u00edculas.","description":"Streaming tv shows and movies","potentialAction":[{"@type":"SearchAction","target":{"@type":"EntryPoint","urlTemplate":"https:\/\/tvstreamzilla.com\/es\/?s={search_term_string}"},"query-input":"required name=search_term_string"}],"inLanguage":"es"}]}},"_links":{"self":[{"href":"https:\/\/tvstreamzilla.com\/es\/wp-json\/wp\/v2\/pages\/1551"}],"collection":[{"href":"https:\/\/tvstreamzilla.com\/es\/wp-json\/wp\/v2\/pages"}],"about":[{"href":"https:\/\/tvstreamzilla.com\/es\/wp-json\/wp\/v2\/types\/page"}],"author":[{"embeddable":true,"href":"https:\/\/tvstreamzilla.com\/es\/wp-json\/wp\/v2\/users\/1"}],"replies":[{"embeddable":true,"href":"https:\/\/tvstreamzilla.com\/es\/wp-json\/wp\/v2\/comments?post=1551"}],"version-history":[{"count":6,"href":"https:\/\/tvstreamzilla.com\/es\/wp-json\/wp\/v2\/pages\/1551\/revisions"}],"predecessor-version":[{"id":1559,"href":"https:\/\/tvstreamzilla.com\/es\/wp-json\/wp\/v2\/pages\/1551\/revisions\/1559"}],"wp:featuredmedia":[{"embeddable":true,"href":"https:\/\/tvstreamzilla.com\/es\/wp-json\/wp\/v2\/media\/868"}],"wp:attachment":[{"href":"https:\/\/tvstreamzilla.com\/es\/wp-json\/wp\/v2\/media?parent=1551"}],"curies":[{"name":"wp","href":"https:\/\/api.w.org\/{rel}","templated":true}]}}