{"id":1231,"date":"2023-02-05T21:22:51","date_gmt":"2023-02-05T21:22:51","guid":{"rendered":"https:\/\/tvstreamzilla.com\/pt\/que-es-star\/"},"modified":"2023-09-21T17:56:35","modified_gmt":"2023-09-21T17:56:35","slug":"o-que-e-star","status":"publish","type":"page","link":"https:\/\/tvstreamzilla.com\/pt\/o-que-e-star\/","title":{"rendered":"O que \u00e9 STAR+ ?"},"content":{"rendered":"\n<p><a href=\"http:\/\/trx.dgtrk2.com\/aff_c?offer_id=7617&amp;aff_id=13808\" data-internallinksmanager029f6b8e52c=\"5\" title=\"STAR+\" target=\"_blank\" rel=\"noopener\">Star+<\/a> \u00e9 a melhor experi\u00eancia de streaming com suas <a href=\"https:\/\/tvstreamzilla.com\/pt\/category\/series\/\" data-internallinksmanager029f6b8e52c=\"28\" title=\"Descubra as melhores s\u00e9ries do streaming\">s\u00e9ries<\/a> favoritas, <a href=\"https:\/\/tvstreamzilla.com\/pt\/category\/melhores-filmes\/\" data-internallinksmanager029f6b8e52c=\"27\" title=\"Descubra os Melhores Filmes do Streaming\">filmes<\/a> de sucesso, <a href=\"https:\/\/tvstreamzilla.com\/pt\/category\/series\/series-de-comedia\/\" data-internallinksmanager029f6b8e52c=\"37\" title=\"Descubra as melhores s\u00e9ries de com\u00e9dia do streaming!\">com\u00e9dias<\/a> animadas e os melhores eventos esportivos da ESPN.<\/p>\n\n\n\n<p><a href=\"http:\/\/trx.dgtrk2.com\/aff_c?offer_id=7617&amp;aff_id=13808\" data-internallinksmanager029f6b8e52c=\"5\" title=\"STAR+\" target=\"_blank\" rel=\"noopener\">Star Plus<\/a>, o servi\u00e7o de streaming do Grupo Disney j\u00e1 possui um extenso cat\u00e1logo de campeonatos de futebol, principalmente europeus, e o fortalece ainda mais.<\/p>\n\n\n\n<div class=\"wp-block-buttons text-align: center; is-layout-flex\">\n<div class=\"wp-block-button text-align: center ;\"><a class=\"wp-block-button__link has-white-color has-text-color has-background wp-element-button\" href=\"http:\/\/trx.dgtrk2.com\/aff_c?offer_id=7618&amp;aff_id=13938\" style=\"border-radius:24px;background-color:#0d61ff\">INSCREVA-SE AGORA<\/a><\/div>\n<\/div>\n\n\n\n<h2 class=\"wp-block-heading\">O que inclui o <a href=\"http:\/\/trx.dgtrk2.com\/aff_c?offer_id=7617&amp;aff_id=13808\" data-internallinksmanager029f6b8e52c=\"5\" title=\"STAR+\" target=\"_blank\" rel=\"noopener\">STAR+<\/a> ?<\/h2>\n\n\n\n<p>No primeiro ano, o cat\u00e1logo <a href=\"http:\/\/trx.dgtrk2.com\/aff_c?offer_id=7617&amp;aff_id=13808\" data-internallinksmanager029f6b8e52c=\"5\" title=\"STAR+\" target=\"_blank\" rel=\"noopener\">STAR+<\/a> conter\u00e1 cerca de 2.000 <a href=\"https:\/\/tvstreamzilla.com\/pt\/category\/melhores-filmes\/\" data-internallinksmanager029f6b8e52c=\"27\" title=\"Descubra os Melhores Filmes do Streaming\">filmes<\/a> e <a href=\"https:\/\/tvstreamzilla.com\/pt\/category\/series\/\" data-internallinksmanager029f6b8e52c=\"28\" title=\"Descubra as melhores s\u00e9ries do streaming\">s\u00e9ries<\/a> adultos dos est\u00fadios criativos da Disney, incluindo Disney Television Studios, ABC, FX, 20th Century Studios, 20th Television, Touchstone e muito mais.<\/p>\n\n\n\n<p><\/p>\n\n\n\n<div class=\"wp-block-buttons text-align: center; is-layout-flex\">\n<div class=\"wp-block-button text-align: center ;\" id=\"http:\/\/trx.dgtrk2.com\/aff_c?offer_id=7617&amp;aff_id=13938\"><a class=\"wp-block-button__link has-white-color has-text-color has-background wp-element-button\" href=\"http:\/\/trx.dgtrk2.com\/aff_c?offer_id=7618&amp;aff_id=13938\" style=\"background-color:#0d61ff\"> INSCREVA-SE AGORA <\/a><\/div>\n<\/div>\n\n\n\n<h2 class=\"wp-block-heading\">Como contratar o <a href=\"http:\/\/trx.dgtrk2.com\/aff_c?offer_id=7617&amp;aff_id=13808\" data-internallinksmanager029f6b8e52c=\"5\" title=\"STAR+\" target=\"_blank\" rel=\"noopener\">STAR +<\/a> ?<\/h2>\n\n\n\n<p><strong>A contrata\u00e7\u00e3o do <a href=\"http:\/\/trx.dgtrk2.com\/aff_c?offer_id=7617&amp;aff_id=13808\" data-internallinksmanager029f6b8e52c=\"5\" title=\"STAR+\" target=\"_blank\" rel=\"noopener\">STAR+<\/a> \u00e9 um processo r\u00e1pido e f\u00e1cil. Voc\u00ea s\u00f3 tem que seguir estes passos:<\/strong><\/p>\n\n\n\n<ul>\n<li>Entre na p\u00e1gina oficial do <a href=\"http:\/\/trx.dgtrk2.com\/aff_c?offer_id=7617&amp;aff_id=13808\" data-internallinksmanager029f6b8e52c=\"5\" title=\"STAR+\" target=\"_blank\" rel=\"noopener\">Star Plus<\/a><\/li>\n\n\n\n<li>Clique no plano <a href=\"http:\/\/trx.dgtrk2.com\/aff_c?offer_id=7617&amp;aff_id=13808\" data-internallinksmanager029f6b8e52c=\"5\" title=\"STAR+\" target=\"_blank\" rel=\"noopener\">Star Plus<\/a> que voc\u00ea mais gosta<\/li>\n\n\n\n<li>Registre-se colocando seu nome, e-mail e telefone<\/li>\n\n\n\n<li>Insira os dados do seu cart\u00e3o de d\u00e9bito ou cr\u00e9dito<\/li>\n\n\n\n<li>Voc\u00ea receber\u00e1 um e-mail com a confirma\u00e7\u00e3o<\/li>\n\n\n\n<li>J\u00e1 est\u00e1 pronto! para come\u00e7ar a aproveitar sua assinatura <a href=\"http:\/\/trx.dgtrk2.com\/aff_c?offer_id=7617&amp;aff_id=13808\" data-internallinksmanager029f6b8e52c=\"5\" title=\"STAR+\" target=\"_blank\" rel=\"noopener\">STAR+<\/a><\/li>\n<\/ul>\n\n\n\n<div class=\"wp-block-buttons text-align: center; is-layout-flex\">\n<div class=\"wp-block-button text-align: center ;\" id=\"http:\/\/trx.dgtrk2.com\/aff_c?offer_id=7617&amp;aff_id=13938\"><a class=\"wp-block-button__link has-white-color has-text-color has-background wp-element-button\" href=\"http:\/\/trx.dgtrk2.com\/aff_c?offer_id=7618&amp;aff_id=13938\" style=\"background-color:#0d61ff\"> INSCREVA-SE AGORA <\/a><\/div>\n<\/div>\n","protected":false},"excerpt":{"rendered":"<p>Star+ \u00e9 a melhor experi\u00eancia de streaming com suas s\u00e9ries favoritas, filmes de sucesso, com\u00e9dias animadas e os melhores eventos esportivos da ESPN. Star Plus, o servi\u00e7o de streaming do Grupo Disney j\u00e1 possui um extenso cat\u00e1logo de campeonatos de futebol, principalmente europeus, e o fortalece ainda mais. O que inclui o STAR+ ? No [&hellip;]<\/p>\n","protected":false},"author":4,"featured_media":1687,"parent":0,"menu_order":0,"comment_status":"closed","ping_status":"closed","template":"","meta":{"_mi_skip_tracking":false,"_monsterinsights_sitenote_active":false,"_monsterinsights_sitenote_note":"","_monsterinsights_sitenote_category":0},"yoast_head":"<!-- This site is optimized with the Yoast SEO plugin v20.8 - https:\/\/yoast.com\/wordpress\/plugins\/seo\/ -->\n<title>O que \u00e9 STAR+ ? - As \u00faltimas not\u00edcias de streaming de s\u00e9ries de TV, esportes e filmes<\/title>\n<meta name=\"robots\" content=\"index, follow, max-snippet:-1, max-image-preview:large, max-video-preview:-1\" \/>\n<link rel=\"canonical\" href=\"https:\/\/tvstreamzilla.com\/pt\/o-que-e-star\/\" \/>\n<meta property=\"og:locale\" content=\"pt_BR\" \/>\n<meta property=\"og:type\" content=\"article\" \/>\n<meta property=\"og:title\" content=\"O que \u00e9 STAR+ ? - As \u00faltimas not\u00edcias de streaming de s\u00e9ries de TV, esportes e filmes\" \/>\n<meta property=\"og:description\" content=\"Star+ \u00e9 a melhor experi\u00eancia de streaming com suas s\u00e9ries favoritas, filmes de sucesso, com\u00e9dias animadas e os melhores eventos esportivos da ESPN. Star Plus, o servi\u00e7o de streaming do Grupo Disney j\u00e1 possui um extenso cat\u00e1logo de campeonatos de futebol, principalmente europeus, e o fortalece ainda mais. O que inclui o STAR+ ? No [&hellip;]\" \/>\n<meta property=\"og:url\" content=\"https:\/\/tvstreamzilla.com\/pt\/o-que-e-star\/\" \/>\n<meta property=\"og:site_name\" content=\"As \u00faltimas not\u00edcias de streaming de s\u00e9ries de TV, esportes e filmes\" \/>\n<meta property=\"article:modified_time\" content=\"2023-09-21T17:56:35+00:00\" \/>\n<meta property=\"og:image\" content=\"https:\/\/tvstreamzilla.com\/pt\/wp-content\/uploads\/sites\/3\/2023\/09\/S_Digital_16x9.png\" \/>\n\t<meta property=\"og:image:width\" content=\"960\" \/>\n\t<meta property=\"og:image:height\" content=\"540\" \/>\n\t<meta property=\"og:image:type\" content=\"image\/png\" \/>\n<meta name=\"twitter:card\" content=\"summary_large_image\" \/>\n<meta name=\"twitter:label1\" content=\"Est. tempo de leitura\" \/>\n\t<meta name=\"twitter:data1\" content=\"1 minuto\" \/>\n<script type=\"application\/ld+json\" class=\"yoast-schema-graph\">{\"@context\":\"https:\/\/schema.org\",\"@graph\":[{\"@type\":\"WebPage\",\"@id\":\"https:\/\/tvstreamzilla.com\/pt\/o-que-e-star\/\",\"url\":\"https:\/\/tvstreamzilla.com\/pt\/o-que-e-star\/\",\"name\":\"O que \u00e9 STAR+ ? - As \u00faltimas not\u00edcias de streaming de s\u00e9ries de TV, esportes e filmes\",\"isPartOf\":{\"@id\":\"https:\/\/tvstreamzilla.com\/pt\/#website\"},\"datePublished\":\"2023-02-05T21:22:51+00:00\",\"dateModified\":\"2023-09-21T17:56:35+00:00\",\"breadcrumb\":{\"@id\":\"https:\/\/tvstreamzilla.com\/pt\/o-que-e-star\/#breadcrumb\"},\"inLanguage\":\"pt-BR\",\"potentialAction\":[{\"@type\":\"ReadAction\",\"target\":[\"https:\/\/tvstreamzilla.com\/pt\/o-que-e-star\/\"]}]},{\"@type\":\"BreadcrumbList\",\"@id\":\"https:\/\/tvstreamzilla.com\/pt\/o-que-e-star\/#breadcrumb\",\"itemListElement\":[{\"@type\":\"ListItem\",\"position\":1,\"name\":\"Home\",\"item\":\"https:\/\/tvstreamzilla.com\/pt\/\"},{\"@type\":\"ListItem\",\"position\":2,\"name\":\"O que \u00e9 STAR+ ?\"}]},{\"@type\":\"WebSite\",\"@id\":\"https:\/\/tvstreamzilla.com\/pt\/#website\",\"url\":\"https:\/\/tvstreamzilla.com\/pt\/\",\"name\":\"As \u00faltimas not\u00edcias de streaming de s\u00e9ries de TV, esportes e filmes\",\"description\":\"Streaming de programas de TV e filmes\",\"potentialAction\":[{\"@type\":\"SearchAction\",\"target\":{\"@type\":\"EntryPoint\",\"urlTemplate\":\"https:\/\/tvstreamzilla.com\/pt\/?s={search_term_string}\"},\"query-input\":\"required name=search_term_string\"}],\"inLanguage\":\"pt-BR\"}]}<\/script>\n<!-- \/ Yoast SEO plugin. -->","yoast_head_json":{"title":"O que \u00e9 STAR+ ? - As \u00faltimas not\u00edcias de streaming de s\u00e9ries de TV, esportes e filmes","robots":{"index":"index","follow":"follow","max-snippet":"max-snippet:-1","max-image-preview":"max-image-preview:large","max-video-preview":"max-video-preview:-1"},"canonical":"https:\/\/tvstreamzilla.com\/pt\/o-que-e-star\/","og_locale":"pt_BR","og_type":"article","og_title":"O que \u00e9 STAR+ ? - As \u00faltimas not\u00edcias de streaming de s\u00e9ries de TV, esportes e filmes","og_description":"Star+ \u00e9 a melhor experi\u00eancia de streaming com suas s\u00e9ries favoritas, filmes de sucesso, com\u00e9dias animadas e os melhores eventos esportivos da ESPN. Star Plus, o servi\u00e7o de streaming do Grupo Disney j\u00e1 possui um extenso cat\u00e1logo de campeonatos de futebol, principalmente europeus, e o fortalece ainda mais. O que inclui o STAR+ ? No [&hellip;]","og_url":"https:\/\/tvstreamzilla.com\/pt\/o-que-e-star\/","og_site_name":"As \u00faltimas not\u00edcias de streaming de s\u00e9ries de TV, esportes e filmes","article_modified_time":"2023-09-21T17:56:35+00:00","og_image":[{"width":960,"height":540,"url":"https:\/\/tvstreamzilla.com\/pt\/wp-content\/uploads\/sites\/3\/2023\/09\/S_Digital_16x9.png","type":"image\/png"}],"twitter_card":"summary_large_image","twitter_misc":{"Est. tempo de leitura":"1 minuto"},"schema":{"@context":"https:\/\/schema.org","@graph":[{"@type":"WebPage","@id":"https:\/\/tvstreamzilla.com\/pt\/o-que-e-star\/","url":"https:\/\/tvstreamzilla.com\/pt\/o-que-e-star\/","name":"O que \u00e9 STAR+ ? - As \u00faltimas not\u00edcias de streaming de s\u00e9ries de TV, esportes e filmes","isPartOf":{"@id":"https:\/\/tvstreamzilla.com\/pt\/#website"},"datePublished":"2023-02-05T21:22:51+00:00","dateModified":"2023-09-21T17:56:35+00:00","breadcrumb":{"@id":"https:\/\/tvstreamzilla.com\/pt\/o-que-e-star\/#breadcrumb"},"inLanguage":"pt-BR","potentialAction":[{"@type":"ReadAction","target":["https:\/\/tvstreamzilla.com\/pt\/o-que-e-star\/"]}]},{"@type":"BreadcrumbList","@id":"https:\/\/tvstreamzilla.com\/pt\/o-que-e-star\/#breadcrumb","itemListElement":[{"@type":"ListItem","position":1,"name":"Home","item":"https:\/\/tvstreamzilla.com\/pt\/"},{"@type":"ListItem","position":2,"name":"O que \u00e9 STAR+ ?"}]},{"@type":"WebSite","@id":"https:\/\/tvstreamzilla.com\/pt\/#website","url":"https:\/\/tvstreamzilla.com\/pt\/","name":"As \u00faltimas not\u00edcias de streaming de s\u00e9ries de TV, esportes e filmes","description":"Streaming de programas de TV e filmes","potentialAction":[{"@type":"SearchAction","target":{"@type":"EntryPoint","urlTemplate":"https:\/\/tvstreamzilla.com\/pt\/?s={search_term_string}"},"query-input":"required name=search_term_string"}],"inLanguage":"pt-BR"}]}},"_links":{"self":[{"href":"https:\/\/tvstreamzilla.com\/pt\/wp-json\/wp\/v2\/pages\/1231"}],"collection":[{"href":"https:\/\/tvstreamzilla.com\/pt\/wp-json\/wp\/v2\/pages"}],"about":[{"href":"https:\/\/tvstreamzilla.com\/pt\/wp-json\/wp\/v2\/types\/page"}],"author":[{"embeddable":true,"href":"https:\/\/tvstreamzilla.com\/pt\/wp-json\/wp\/v2\/users\/4"}],"replies":[{"embeddable":true,"href":"https:\/\/tvstreamzilla.com\/pt\/wp-json\/wp\/v2\/comments?post=1231"}],"version-history":[{"count":4,"href":"https:\/\/tvstreamzilla.com\/pt\/wp-json\/wp\/v2\/pages\/1231\/revisions"}],"predecessor-version":[{"id":1712,"href":"https:\/\/tvstreamzilla.com\/pt\/wp-json\/wp\/v2\/pages\/1231\/revisions\/1712"}],"wp:featuredmedia":[{"embeddable":true,"href":"https:\/\/tvstreamzilla.com\/pt\/wp-json\/wp\/v2\/media\/1687"}],"wp:attachment":[{"href":"https:\/\/tvstreamzilla.com\/pt\/wp-json\/wp\/v2\/media?parent=1231"}],"curies":[{"name":"wp","href":"https:\/\/api.w.org\/{rel}","templated":true}]}}