{"id":1278,"date":"2023-06-13T12:26:33","date_gmt":"2023-06-13T12:26:33","guid":{"rendered":"https:\/\/tvstreamzilla.com\/pt\/?page_id=1278"},"modified":"2023-09-11T19:41:59","modified_gmt":"2023-09-11T19:41:59","slug":"o-que-e-a-hbo-max","status":"publish","type":"page","link":"https:\/\/tvstreamzilla.com\/pt\/o-que-e-a-hbo-max\/","title":{"rendered":"O que \u00e9 a HBO Max?"},"content":{"rendered":"\n<p><a href=\"http:\/\/trx.dgtrk2.com\/aff_c?offer_id=7506&amp;aff_id=13808\" target=\"_blank\" rel=\"noreferrer noopener\">HBO Max<\/a>&nbsp;\u00e9 um aplicativo de streaming premium que combina toda a&nbsp;<a href=\"http:\/\/trx.dgtrk2.com\/aff_c?offer_id=7506&amp;aff_id=13808\" target=\"_blank\" rel=\"noreferrer noopener\">HBO<\/a>&nbsp;com outras s\u00e9ries de TV imperd\u00edveis, filmes taquiller e Max Originals exclusivos.<\/p>\n\n\n\n<p>Com milhares de horas de entretenimento sem limites, temos algo para todos os membros da sua fam\u00edlia. Ent\u00e3o relaxe em seu traje de sal\u00e3o mais confort\u00e1vel e encontre seu pr\u00f3ximo favorito em um de nossos hubs selecionados, incluindo DC, Cartoon Network Collection, TCM Featured Classics, Sesame Workshop e muito mais.<\/p>\n\n\n\n<div class=\"wp-block-buttons text-align: center; is-layout-flex\">\n<div class=\"wp-block-button text-align: center ;\"><a class=\"wp-block-button__link has-white-color has-text-color has-background wp-element-button\" href=\"https:\/\/trx.dgtrk2.com\/aff_c?offer_id=7506&amp;aff_id=13808\" style=\"background-color:#0d61ff\">INSCREVA-SE AGORA<\/a><\/div>\n<\/div>\n\n\n\n<h2 class=\"wp-block-heading\">O que a HBO Max inclui?<\/h2>\n\n\n\n<p>Descubra os melhores programas de TV no&nbsp;<a href=\"http:\/\/trx.dgtrk2.com\/aff_c?offer_id=7506&amp;aff_id=13808\" target=\"_blank\" rel=\"noreferrer noopener\">HBO Max<\/a>. Assista a todos os programas da&nbsp;<a href=\"http:\/\/trx.dgtrk2.com\/aff_c?offer_id=7506&amp;aff_id=13808\" target=\"_blank\" rel=\"noreferrer noopener\">HBO<\/a>&nbsp;e&nbsp;<a href=\"http:\/\/trx.dgtrk2.com\/aff_c?offer_id=7506&amp;aff_id=13808\" target=\"_blank\" rel=\"noreferrer noopener\">HBO Max<\/a>, incluindo as melhores s\u00e9ries de com\u00e9dia, a\u00e7\u00e3o, suspense e TV. Encontre aqui os programas de TV mais assistidos, dos mais recentes aos grandes cl\u00e1ssicos, perfeitos para sua maratona. Tudo isso em um s\u00f3 lugar!<\/p>\n\n\n\n<div class=\"wp-block-buttons text-align: center; is-layout-flex\">\n<div class=\"wp-block-button text-align: center ;\"><a class=\"wp-block-button__link has-white-color has-text-color has-background wp-element-button\" href=\"https:\/\/trx.dgtrk2.com\/aff_c?offer_id=7506&amp;aff_id=13808\" style=\"background-color:#0d61ff\"> INSCREVA-SE AGORA <\/a><\/div>\n<\/div>\n\n\n\n<h2 class=\"wp-block-heading\">Como contratar a Max ?<\/h2>\n\n\n\n<p>Para baixar, voc\u00ea precisa:<\/p>\n\n\n\n<ul>\n<li>Uma conex\u00e3o de internet<\/li>\n\n\n\n<li>O aplicativo&nbsp;<a href=\"http:\/\/trx.dgtrk2.com\/aff_c?offer_id=7506&amp;aff_id=13808\" target=\"_blank\" rel=\"noreferrer noopener\">HBO Max<\/a>&nbsp;em seu telefone ou tablet<\/li>\n\n\n\n<li>Abra o aplicativo&nbsp;<a href=\"http:\/\/trx.dgtrk2.com\/aff_c?offer_id=7506&amp;aff_id=13808\" target=\"_blank\" rel=\"noreferrer noopener\">HBO Max<\/a>&nbsp;em seu telefone ou tablet e fa\u00e7a login (se necess\u00e1rio).<\/li>\n\n\n\n<li>Certifique-se de estar conectado a uma rede sem fio.<\/li>\n\n\n\n<li>Escolha um epis\u00f3dio ou filme que deseja baixar.&nbsp;<\/li>\n<\/ul>\n\n\n\n<div class=\"wp-block-buttons text-align: center; is-layout-flex\">\n<div class=\"wp-block-button text-align: center ;\"><a class=\"wp-block-button__link has-white-color has-text-color has-background wp-element-button\" href=\"https:\/\/trx.dgtrk2.com\/aff_c?offer_id=7506&amp;aff_id=13808\" style=\"background-color:#0d61ff\"> INSCREVA-SE AGORA <\/a><\/div>\n<\/div>\n","protected":false},"excerpt":{"rendered":"<p>HBO Max&nbsp;\u00e9 um aplicativo de streaming premium que combina toda a&nbsp;HBO&nbsp;com outras s\u00e9ries de TV imperd\u00edveis, filmes taquiller e Max Originals exclusivos. Com milhares de horas de entretenimento sem limites, temos algo para todos os membros da sua fam\u00edlia. Ent\u00e3o relaxe em seu traje de sal\u00e3o mais confort\u00e1vel e encontre seu pr\u00f3ximo favorito em um [&hellip;]<\/p>\n","protected":false},"author":4,"featured_media":889,"parent":0,"menu_order":0,"comment_status":"closed","ping_status":"closed","template":"","meta":{"_mi_skip_tracking":false,"_monsterinsights_sitenote_active":false,"_monsterinsights_sitenote_note":"","_monsterinsights_sitenote_category":0},"yoast_head":"<!-- This site is optimized with the Yoast SEO plugin v20.8 - https:\/\/yoast.com\/wordpress\/plugins\/seo\/ -->\n<title>O que \u00e9 a HBO Max? - As \u00faltimas not\u00edcias de streaming de s\u00e9ries de TV, esportes e filmes<\/title>\n<meta name=\"robots\" content=\"index, follow, max-snippet:-1, max-image-preview:large, max-video-preview:-1\" \/>\n<link rel=\"canonical\" href=\"https:\/\/tvstreamzilla.com\/pt\/o-que-e-a-hbo-max\/\" \/>\n<meta property=\"og:locale\" content=\"pt_BR\" \/>\n<meta property=\"og:type\" content=\"article\" \/>\n<meta property=\"og:title\" content=\"O que \u00e9 a HBO Max? - As \u00faltimas not\u00edcias de streaming de s\u00e9ries de TV, esportes e filmes\" \/>\n<meta property=\"og:description\" content=\"HBO Max&nbsp;\u00e9 um aplicativo de streaming premium que combina toda a&nbsp;HBO&nbsp;com outras s\u00e9ries de TV imperd\u00edveis, filmes taquiller e Max Originals exclusivos. Com milhares de horas de entretenimento sem limites, temos algo para todos os membros da sua fam\u00edlia. Ent\u00e3o relaxe em seu traje de sal\u00e3o mais confort\u00e1vel e encontre seu pr\u00f3ximo favorito em um [&hellip;]\" \/>\n<meta property=\"og:url\" content=\"https:\/\/tvstreamzilla.com\/pt\/o-que-e-a-hbo-max\/\" \/>\n<meta property=\"og:site_name\" content=\"As \u00faltimas not\u00edcias de streaming de s\u00e9ries de TV, esportes e filmes\" \/>\n<meta property=\"article:modified_time\" content=\"2023-09-11T19:41:59+00:00\" \/>\n<meta property=\"og:image\" content=\"https:\/\/tvstreamzilla.com\/pt\/wp-content\/uploads\/sites\/3\/2022\/01\/hbo-maz.jpg\" \/>\n\t<meta property=\"og:image:width\" content=\"1200\" \/>\n\t<meta property=\"og:image:height\" content=\"675\" \/>\n\t<meta property=\"og:image:type\" content=\"image\/jpeg\" \/>\n<meta name=\"twitter:card\" content=\"summary_large_image\" \/>\n<meta name=\"twitter:label1\" content=\"Est. tempo de leitura\" \/>\n\t<meta name=\"twitter:data1\" content=\"2 minutos\" \/>\n<script type=\"application\/ld+json\" class=\"yoast-schema-graph\">{\"@context\":\"https:\/\/schema.org\",\"@graph\":[{\"@type\":\"WebPage\",\"@id\":\"https:\/\/tvstreamzilla.com\/pt\/o-que-e-a-hbo-max\/\",\"url\":\"https:\/\/tvstreamzilla.com\/pt\/o-que-e-a-hbo-max\/\",\"name\":\"O que \u00e9 a HBO Max? - As \u00faltimas not\u00edcias de streaming de s\u00e9ries de TV, esportes e filmes\",\"isPartOf\":{\"@id\":\"https:\/\/tvstreamzilla.com\/pt\/#website\"},\"datePublished\":\"2023-06-13T12:26:33+00:00\",\"dateModified\":\"2023-09-11T19:41:59+00:00\",\"breadcrumb\":{\"@id\":\"https:\/\/tvstreamzilla.com\/pt\/o-que-e-a-hbo-max\/#breadcrumb\"},\"inLanguage\":\"pt-BR\",\"potentialAction\":[{\"@type\":\"ReadAction\",\"target\":[\"https:\/\/tvstreamzilla.com\/pt\/o-que-e-a-hbo-max\/\"]}]},{\"@type\":\"BreadcrumbList\",\"@id\":\"https:\/\/tvstreamzilla.com\/pt\/o-que-e-a-hbo-max\/#breadcrumb\",\"itemListElement\":[{\"@type\":\"ListItem\",\"position\":1,\"name\":\"Home\",\"item\":\"https:\/\/tvstreamzilla.com\/pt\/\"},{\"@type\":\"ListItem\",\"position\":2,\"name\":\"O que \u00e9 a HBO Max?\"}]},{\"@type\":\"WebSite\",\"@id\":\"https:\/\/tvstreamzilla.com\/pt\/#website\",\"url\":\"https:\/\/tvstreamzilla.com\/pt\/\",\"name\":\"As \u00faltimas not\u00edcias de streaming de s\u00e9ries de TV, esportes e filmes\",\"description\":\"Streaming de programas de TV e filmes\",\"potentialAction\":[{\"@type\":\"SearchAction\",\"target\":{\"@type\":\"EntryPoint\",\"urlTemplate\":\"https:\/\/tvstreamzilla.com\/pt\/?s={search_term_string}\"},\"query-input\":\"required name=search_term_string\"}],\"inLanguage\":\"pt-BR\"}]}<\/script>\n<!-- \/ Yoast SEO plugin. -->","yoast_head_json":{"title":"O que \u00e9 a HBO Max? - As \u00faltimas not\u00edcias de streaming de s\u00e9ries de TV, esportes e filmes","robots":{"index":"index","follow":"follow","max-snippet":"max-snippet:-1","max-image-preview":"max-image-preview:large","max-video-preview":"max-video-preview:-1"},"canonical":"https:\/\/tvstreamzilla.com\/pt\/o-que-e-a-hbo-max\/","og_locale":"pt_BR","og_type":"article","og_title":"O que \u00e9 a HBO Max? - As \u00faltimas not\u00edcias de streaming de s\u00e9ries de TV, esportes e filmes","og_description":"HBO Max&nbsp;\u00e9 um aplicativo de streaming premium que combina toda a&nbsp;HBO&nbsp;com outras s\u00e9ries de TV imperd\u00edveis, filmes taquiller e Max Originals exclusivos. Com milhares de horas de entretenimento sem limites, temos algo para todos os membros da sua fam\u00edlia. Ent\u00e3o relaxe em seu traje de sal\u00e3o mais confort\u00e1vel e encontre seu pr\u00f3ximo favorito em um [&hellip;]","og_url":"https:\/\/tvstreamzilla.com\/pt\/o-que-e-a-hbo-max\/","og_site_name":"As \u00faltimas not\u00edcias de streaming de s\u00e9ries de TV, esportes e filmes","article_modified_time":"2023-09-11T19:41:59+00:00","og_image":[{"width":1200,"height":675,"url":"https:\/\/tvstreamzilla.com\/pt\/wp-content\/uploads\/sites\/3\/2022\/01\/hbo-maz.jpg","type":"image\/jpeg"}],"twitter_card":"summary_large_image","twitter_misc":{"Est. tempo de leitura":"2 minutos"},"schema":{"@context":"https:\/\/schema.org","@graph":[{"@type":"WebPage","@id":"https:\/\/tvstreamzilla.com\/pt\/o-que-e-a-hbo-max\/","url":"https:\/\/tvstreamzilla.com\/pt\/o-que-e-a-hbo-max\/","name":"O que \u00e9 a HBO Max? - As \u00faltimas not\u00edcias de streaming de s\u00e9ries de TV, esportes e filmes","isPartOf":{"@id":"https:\/\/tvstreamzilla.com\/pt\/#website"},"datePublished":"2023-06-13T12:26:33+00:00","dateModified":"2023-09-11T19:41:59+00:00","breadcrumb":{"@id":"https:\/\/tvstreamzilla.com\/pt\/o-que-e-a-hbo-max\/#breadcrumb"},"inLanguage":"pt-BR","potentialAction":[{"@type":"ReadAction","target":["https:\/\/tvstreamzilla.com\/pt\/o-que-e-a-hbo-max\/"]}]},{"@type":"BreadcrumbList","@id":"https:\/\/tvstreamzilla.com\/pt\/o-que-e-a-hbo-max\/#breadcrumb","itemListElement":[{"@type":"ListItem","position":1,"name":"Home","item":"https:\/\/tvstreamzilla.com\/pt\/"},{"@type":"ListItem","position":2,"name":"O que \u00e9 a HBO Max?"}]},{"@type":"WebSite","@id":"https:\/\/tvstreamzilla.com\/pt\/#website","url":"https:\/\/tvstreamzilla.com\/pt\/","name":"As \u00faltimas not\u00edcias de streaming de s\u00e9ries de TV, esportes e filmes","description":"Streaming de programas de TV e filmes","potentialAction":[{"@type":"SearchAction","target":{"@type":"EntryPoint","urlTemplate":"https:\/\/tvstreamzilla.com\/pt\/?s={search_term_string}"},"query-input":"required name=search_term_string"}],"inLanguage":"pt-BR"}]}},"_links":{"self":[{"href":"https:\/\/tvstreamzilla.com\/pt\/wp-json\/wp\/v2\/pages\/1278"}],"collection":[{"href":"https:\/\/tvstreamzilla.com\/pt\/wp-json\/wp\/v2\/pages"}],"about":[{"href":"https:\/\/tvstreamzilla.com\/pt\/wp-json\/wp\/v2\/types\/page"}],"author":[{"embeddable":true,"href":"https:\/\/tvstreamzilla.com\/pt\/wp-json\/wp\/v2\/users\/4"}],"replies":[{"embeddable":true,"href":"https:\/\/tvstreamzilla.com\/pt\/wp-json\/wp\/v2\/comments?post=1278"}],"version-history":[{"count":3,"href":"https:\/\/tvstreamzilla.com\/pt\/wp-json\/wp\/v2\/pages\/1278\/revisions"}],"predecessor-version":[{"id":1281,"href":"https:\/\/tvstreamzilla.com\/pt\/wp-json\/wp\/v2\/pages\/1278\/revisions\/1281"}],"wp:featuredmedia":[{"embeddable":true,"href":"https:\/\/tvstreamzilla.com\/pt\/wp-json\/wp\/v2\/media\/889"}],"wp:attachment":[{"href":"https:\/\/tvstreamzilla.com\/pt\/wp-json\/wp\/v2\/media?parent=1278"}],"curies":[{"name":"wp","href":"https:\/\/api.w.org\/{rel}","templated":true}]}}