{"id":1929,"date":"2023-11-21T20:39:59","date_gmt":"2023-11-21T20:39:59","guid":{"rendered":"https:\/\/tvstreamzilla.com\/pt\/?page_id=1929"},"modified":"2023-11-21T20:41:58","modified_gmt":"2023-11-21T20:41:58","slug":"assine-o-star-alt","status":"publish","type":"page","link":"https:\/\/tvstreamzilla.com\/pt\/assine-o-star-alt\/","title":{"rendered":"AGORA VOC\u00ca PODER MARATONAR AS  S\u00c9RIES QUE MAIS GOSTA EM UM S\u00d3 LUGAR"},"content":{"rendered":"\n<h2 class=\"wp-block-heading\">AGORA VOC\u00ca PODE MARATONAR AS 3 <a href=\"https:\/\/tvstreamzilla.com\/pt\/category\/series\/\" data-internallinksmanager029f6b8e52c=\"28\" title=\"Descubra as melhores s\u00e9ries do streaming\">S\u00c9RIES<\/a> QUE MAIS GOSTA EM UM S\u00d3 LUGAR<\/h2>\n\n\n\n<br>\n\n\n\n<h2 class=\"wp-block-heading\"><strong>Station 19 foi removida de diversos servi\u00e7os de <\/strong> <strong>streamings, mas voc\u00ea ainda pode assistir aqui:<\/strong> <\/h2>\n\n\n\n<br>\n\n\n\n<div class=\"wp-block-buttons text-align: center; is-content-justification-center is-layout-flex wp-container-1\">\n<div class=\"wp-block-button has-custom-width wp-block-button__width-75 has-custom-font-size starButton\" id=\"http:\/\/trx.dgtrk2.com\/aff_c?offer_id=7617&amp;aff_id=13938\" style=\"font-size:28px\"><a class=\"wp-block-button__link has-white-color has-text-color has-background has-text-align-center wp-element-button\" href=\"http:\/\/trx.dgtrk2.com\/aff_c?offer_id=7618&amp;aff_id=13938\" style=\"background-color:#59ff00\"><strong>QUERO ASSISTIR<\/strong><\/a><\/div>\n<\/div>\n\n\n\n<br><br>\n\n\n\n<div class=\"wp-block-columns is-layout-flex wp-container-5\">\n<div class=\"wp-block-column is-layout-flow\">\n<figure class=\"wp-block-image size-large\"><a href=\"http:\/\/trx.dgtrk2.com\/aff_c?offer_id=7618&amp;aff_id=13938\"><img decoding=\"async\" src=\"https:\/\/lp.seriadornaveia.com.br\/wp-content\/uploads\/2023\/05\/STATION-19-1024x576.jpg\" alt=\"\"\/><\/a><\/figure>\n<\/div>\n\n\n\n<div class=\"wp-block-column is-layout-flow\">\n<figure class=\"wp-block-image size-large\"><a href=\"http:\/\/trx.dgtrk2.com\/aff_c?offer_id=7618&amp;aff_id=13938\"><img decoding=\"async\" src=\"https:\/\/lp.seriadornaveia.com.br\/wp-content\/uploads\/2023\/05\/GREYS-ANATOMY-1024x576.jpg\" alt=\"\"\/><\/a><\/figure>\n<\/div>\n\n\n\n<div class=\"wp-block-column is-layout-flow\">\n<figure class=\"wp-block-image size-large\"><a href=\"http:\/\/trx.dgtrk2.com\/aff_c?offer_id=7618&amp;aff_id=13938\"><img decoding=\"async\" src=\"https:\/\/lp.seriadornaveia.com.br\/wp-content\/uploads\/2023\/05\/PRIVATE-PRACTICE-1024x576.jpg\" alt=\"\"\/><\/a><\/figure>\n<\/div>\n<\/div>\n\n\n\n<h2 class=\"wp-block-heading\">Al\u00e9m de <strong>Station 19<\/strong>, esse Streaming conta com TODAS as <a href=\"https:\/\/tvstreamzilla.com\/pt\/category\/series\/\" data-internallinksmanager029f6b8e52c=\"28\" title=\"Descubra as melhores s\u00e9ries do streaming\">s\u00e9ries<\/a> do GreysVerso: Grey\u2019s Anatomy e Private Practice.<\/h2>\n\n\n\n<br>\n\n\n\n<div class=\"wp-block-buttons text-align: center; is-content-justification-center is-layout-flex wp-container-6\">\n<div class=\"wp-block-button has-custom-width wp-block-button__width-75 has-custom-font-size starButton\" id=\"http:\/\/trx.dgtrk2.com\/aff_c?offer_id=7617&amp;aff_id=13938\" style=\"font-size:28px\"><a class=\"wp-block-button__link has-white-color has-text-color has-background wp-element-button\" href=\"http:\/\/trx.dgtrk2.com\/aff_c?offer_id=7618&amp;aff_id=13938\" style=\"background-color:#59ff00\"><strong>QUERO ASSISTIR<\/strong><\/a><\/div>\n<\/div>\n\n\n\n<p><\/p>\n","protected":false},"excerpt":{"rendered":"<p>AGORA VOC\u00ca PODE MARATONAR AS 3 S\u00c9RIES QUE MAIS GOSTA EM UM S\u00d3 LUGAR Station 19 foi removida de diversos servi\u00e7os de streamings, mas voc\u00ea ainda pode assistir aqui: Al\u00e9m de Station 19, esse Streaming conta com TODAS as s\u00e9ries do GreysVerso: Grey\u2019s Anatomy e Private Practice.<\/p>\n","protected":false},"author":4,"featured_media":0,"parent":0,"menu_order":0,"comment_status":"closed","ping_status":"closed","template":"","meta":{"_mi_skip_tracking":false,"_monsterinsights_sitenote_active":false,"_monsterinsights_sitenote_note":"","_monsterinsights_sitenote_category":0},"yoast_head":"<!-- This site is optimized with the Yoast SEO plugin v20.8 - https:\/\/yoast.com\/wordpress\/plugins\/seo\/ -->\n<title>AGORA VOC\u00ca PODER MARATONAR AS S\u00c9RIES QUE MAIS GOSTA EM UM S\u00d3 LUGAR - As \u00faltimas not\u00edcias de streaming de s\u00e9ries de TV, esportes e filmes<\/title>\n<meta name=\"robots\" content=\"index, follow, max-snippet:-1, max-image-preview:large, max-video-preview:-1\" \/>\n<link rel=\"canonical\" href=\"https:\/\/tvstreamzilla.com\/pt\/assine-o-star-alt\/\" \/>\n<meta property=\"og:locale\" content=\"pt_BR\" \/>\n<meta property=\"og:type\" content=\"article\" \/>\n<meta property=\"og:title\" content=\"AGORA VOC\u00ca PODER MARATONAR AS S\u00c9RIES QUE MAIS GOSTA EM UM S\u00d3 LUGAR - As \u00faltimas not\u00edcias de streaming de s\u00e9ries de TV, esportes e filmes\" \/>\n<meta property=\"og:description\" content=\"AGORA VOC\u00ca PODE MARATONAR AS 3 S\u00c9RIES QUE MAIS GOSTA EM UM S\u00d3 LUGAR Station 19 foi removida de diversos servi\u00e7os de streamings, mas voc\u00ea ainda pode assistir aqui: Al\u00e9m de Station 19, esse Streaming conta com TODAS as s\u00e9ries do GreysVerso: Grey\u2019s Anatomy e Private Practice.\" \/>\n<meta property=\"og:url\" content=\"https:\/\/tvstreamzilla.com\/pt\/assine-o-star-alt\/\" \/>\n<meta property=\"og:site_name\" content=\"As \u00faltimas not\u00edcias de streaming de s\u00e9ries de TV, esportes e filmes\" \/>\n<meta property=\"article:modified_time\" content=\"2023-11-21T20:41:58+00:00\" \/>\n<meta property=\"og:image\" content=\"https:\/\/lp.seriadornaveia.com.br\/wp-content\/uploads\/2023\/05\/STATION-19-1024x576.jpg\" \/>\n<meta name=\"twitter:card\" content=\"summary_large_image\" \/>\n<meta name=\"twitter:label1\" content=\"Est. tempo de leitura\" \/>\n\t<meta name=\"twitter:data1\" content=\"1 minuto\" \/>\n<script type=\"application\/ld+json\" class=\"yoast-schema-graph\">{\"@context\":\"https:\/\/schema.org\",\"@graph\":[{\"@type\":\"WebPage\",\"@id\":\"https:\/\/tvstreamzilla.com\/pt\/assine-o-star-alt\/\",\"url\":\"https:\/\/tvstreamzilla.com\/pt\/assine-o-star-alt\/\",\"name\":\"AGORA VOC\u00ca PODER MARATONAR AS S\u00c9RIES QUE MAIS GOSTA EM UM S\u00d3 LUGAR - As \u00faltimas not\u00edcias de streaming de s\u00e9ries de TV, esportes e filmes\",\"isPartOf\":{\"@id\":\"https:\/\/tvstreamzilla.com\/pt\/#website\"},\"datePublished\":\"2023-11-21T20:39:59+00:00\",\"dateModified\":\"2023-11-21T20:41:58+00:00\",\"breadcrumb\":{\"@id\":\"https:\/\/tvstreamzilla.com\/pt\/assine-o-star-alt\/#breadcrumb\"},\"inLanguage\":\"pt-BR\",\"potentialAction\":[{\"@type\":\"ReadAction\",\"target\":[\"https:\/\/tvstreamzilla.com\/pt\/assine-o-star-alt\/\"]}]},{\"@type\":\"BreadcrumbList\",\"@id\":\"https:\/\/tvstreamzilla.com\/pt\/assine-o-star-alt\/#breadcrumb\",\"itemListElement\":[{\"@type\":\"ListItem\",\"position\":1,\"name\":\"Home\",\"item\":\"https:\/\/tvstreamzilla.com\/pt\/\"},{\"@type\":\"ListItem\",\"position\":2,\"name\":\"AGORA VOC\u00ca PODER MARATONAR AS S\u00c9RIES QUE MAIS GOSTA EM UM S\u00d3 LUGAR\"}]},{\"@type\":\"WebSite\",\"@id\":\"https:\/\/tvstreamzilla.com\/pt\/#website\",\"url\":\"https:\/\/tvstreamzilla.com\/pt\/\",\"name\":\"As \u00faltimas not\u00edcias de streaming de s\u00e9ries de TV, esportes e filmes\",\"description\":\"Streaming de programas de TV e filmes\",\"potentialAction\":[{\"@type\":\"SearchAction\",\"target\":{\"@type\":\"EntryPoint\",\"urlTemplate\":\"https:\/\/tvstreamzilla.com\/pt\/?s={search_term_string}\"},\"query-input\":\"required name=search_term_string\"}],\"inLanguage\":\"pt-BR\"}]}<\/script>\n<!-- \/ Yoast SEO plugin. -->","yoast_head_json":{"title":"AGORA VOC\u00ca PODER MARATONAR AS S\u00c9RIES QUE MAIS GOSTA EM UM S\u00d3 LUGAR - As \u00faltimas not\u00edcias de streaming de s\u00e9ries de TV, esportes e filmes","robots":{"index":"index","follow":"follow","max-snippet":"max-snippet:-1","max-image-preview":"max-image-preview:large","max-video-preview":"max-video-preview:-1"},"canonical":"https:\/\/tvstreamzilla.com\/pt\/assine-o-star-alt\/","og_locale":"pt_BR","og_type":"article","og_title":"AGORA VOC\u00ca PODER MARATONAR AS S\u00c9RIES QUE MAIS GOSTA EM UM S\u00d3 LUGAR - As \u00faltimas not\u00edcias de streaming de s\u00e9ries de TV, esportes e filmes","og_description":"AGORA VOC\u00ca PODE MARATONAR AS 3 S\u00c9RIES QUE MAIS GOSTA EM UM S\u00d3 LUGAR Station 19 foi removida de diversos servi\u00e7os de streamings, mas voc\u00ea ainda pode assistir aqui: Al\u00e9m de Station 19, esse Streaming conta com TODAS as s\u00e9ries do GreysVerso: Grey\u2019s Anatomy e Private Practice.","og_url":"https:\/\/tvstreamzilla.com\/pt\/assine-o-star-alt\/","og_site_name":"As \u00faltimas not\u00edcias de streaming de s\u00e9ries de TV, esportes e filmes","article_modified_time":"2023-11-21T20:41:58+00:00","og_image":[{"url":"https:\/\/lp.seriadornaveia.com.br\/wp-content\/uploads\/2023\/05\/STATION-19-1024x576.jpg"}],"twitter_card":"summary_large_image","twitter_misc":{"Est. tempo de leitura":"1 minuto"},"schema":{"@context":"https:\/\/schema.org","@graph":[{"@type":"WebPage","@id":"https:\/\/tvstreamzilla.com\/pt\/assine-o-star-alt\/","url":"https:\/\/tvstreamzilla.com\/pt\/assine-o-star-alt\/","name":"AGORA VOC\u00ca PODER MARATONAR AS S\u00c9RIES QUE MAIS GOSTA EM UM S\u00d3 LUGAR - As \u00faltimas not\u00edcias de streaming de s\u00e9ries de TV, esportes e filmes","isPartOf":{"@id":"https:\/\/tvstreamzilla.com\/pt\/#website"},"datePublished":"2023-11-21T20:39:59+00:00","dateModified":"2023-11-21T20:41:58+00:00","breadcrumb":{"@id":"https:\/\/tvstreamzilla.com\/pt\/assine-o-star-alt\/#breadcrumb"},"inLanguage":"pt-BR","potentialAction":[{"@type":"ReadAction","target":["https:\/\/tvstreamzilla.com\/pt\/assine-o-star-alt\/"]}]},{"@type":"BreadcrumbList","@id":"https:\/\/tvstreamzilla.com\/pt\/assine-o-star-alt\/#breadcrumb","itemListElement":[{"@type":"ListItem","position":1,"name":"Home","item":"https:\/\/tvstreamzilla.com\/pt\/"},{"@type":"ListItem","position":2,"name":"AGORA VOC\u00ca PODER MARATONAR AS S\u00c9RIES QUE MAIS GOSTA EM UM S\u00d3 LUGAR"}]},{"@type":"WebSite","@id":"https:\/\/tvstreamzilla.com\/pt\/#website","url":"https:\/\/tvstreamzilla.com\/pt\/","name":"As \u00faltimas not\u00edcias de streaming de s\u00e9ries de TV, esportes e filmes","description":"Streaming de programas de TV e filmes","potentialAction":[{"@type":"SearchAction","target":{"@type":"EntryPoint","urlTemplate":"https:\/\/tvstreamzilla.com\/pt\/?s={search_term_string}"},"query-input":"required name=search_term_string"}],"inLanguage":"pt-BR"}]}},"_links":{"self":[{"href":"https:\/\/tvstreamzilla.com\/pt\/wp-json\/wp\/v2\/pages\/1929"}],"collection":[{"href":"https:\/\/tvstreamzilla.com\/pt\/wp-json\/wp\/v2\/pages"}],"about":[{"href":"https:\/\/tvstreamzilla.com\/pt\/wp-json\/wp\/v2\/types\/page"}],"author":[{"embeddable":true,"href":"https:\/\/tvstreamzilla.com\/pt\/wp-json\/wp\/v2\/users\/4"}],"replies":[{"embeddable":true,"href":"https:\/\/tvstreamzilla.com\/pt\/wp-json\/wp\/v2\/comments?post=1929"}],"version-history":[{"count":2,"href":"https:\/\/tvstreamzilla.com\/pt\/wp-json\/wp\/v2\/pages\/1929\/revisions"}],"predecessor-version":[{"id":1931,"href":"https:\/\/tvstreamzilla.com\/pt\/wp-json\/wp\/v2\/pages\/1929\/revisions\/1931"}],"wp:attachment":[{"href":"https:\/\/tvstreamzilla.com\/pt\/wp-json\/wp\/v2\/media?parent=1929"}],"curies":[{"name":"wp","href":"https:\/\/api.w.org\/{rel}","templated":true}]}}