{"id":5,"date":"2017-07-22T17:40:15","date_gmt":"2017-07-22T17:40:15","guid":{"rendered":"http:\/\/newsmax.themeruby.com\/video\/?page_id=5"},"modified":"2025-06-13T18:00:22","modified_gmt":"2025-06-13T18:00:22","slug":"home-video","status":"publish","type":"page","link":"https:\/\/tvstreamzilla.com\/pt\/","title":{"rendered":"Home Video"},"content":{"rendered":"","protected":false},"excerpt":{"rendered":"","protected":false},"author":1,"featured_media":0,"parent":0,"menu_order":0,"comment_status":"closed","ping_status":"closed","template":"page-composer.php","meta":{"_mi_skip_tracking":false,"_monsterinsights_sitenote_active":false,"_monsterinsights_sitenote_note":"","_monsterinsights_sitenote_category":0},"yoast_head":"<!-- This site is optimized with the Yoast SEO plugin v20.8 - https:\/\/yoast.com\/wordpress\/plugins\/seo\/ -->\n<title>TVStreamzilla: seu melhor guia para filmes, s\u00e9ries e streaming!<\/title>\n<meta name=\"description\" content=\"Fornecemos o conte\u00fado mais popular e confi\u00e1vel sobre filmes e s\u00e9ries do streaming. Leia cr\u00edticas, an\u00e1lises e dicas sobre cinema.\" \/>\n<meta name=\"robots\" content=\"index, follow, max-snippet:-1, max-image-preview:large, max-video-preview:-1\" \/>\n<link rel=\"canonical\" href=\"https:\/\/tvstreamzilla.com\/pt\/\" \/>\n<meta property=\"og:locale\" content=\"pt_BR\" \/>\n<meta property=\"og:type\" content=\"article\" \/>\n<meta property=\"og:title\" content=\"TVStreamzilla: seu melhor guia para filmes, s\u00e9ries e streaming!\" \/>\n<meta property=\"og:description\" content=\"Fornecemos o conte\u00fado mais popular e confi\u00e1vel sobre filmes e s\u00e9ries do streaming. Leia cr\u00edticas, an\u00e1lises e dicas sobre cinema.\" \/>\n<meta property=\"og:url\" content=\"https:\/\/tvstreamzilla.com\/pt\/\" \/>\n<meta property=\"og:site_name\" content=\"As \u00faltimas not\u00edcias de streaming de s\u00e9ries de TV, esportes e filmes\" \/>\n<meta property=\"article:modified_time\" content=\"2025-06-13T18:00:22+00:00\" \/>\n<meta name=\"twitter:card\" content=\"summary_large_image\" \/>\n<script type=\"application\/ld+json\" class=\"yoast-schema-graph\">{\"@context\":\"https:\/\/schema.org\",\"@graph\":[{\"@type\":\"WebPage\",\"@id\":\"https:\/\/tvstreamzilla.com\/pt\/\",\"url\":\"https:\/\/tvstreamzilla.com\/pt\/\",\"name\":\"TVStreamzilla: seu melhor guia para filmes, s\u00e9ries e streaming!\",\"isPartOf\":{\"@id\":\"https:\/\/tvstreamzilla.com\/pt\/#website\"},\"datePublished\":\"2017-07-22T17:40:15+00:00\",\"dateModified\":\"2025-06-13T18:00:22+00:00\",\"description\":\"Fornecemos o conte\u00fado mais popular e confi\u00e1vel sobre filmes e s\u00e9ries do streaming. Leia cr\u00edticas, an\u00e1lises e dicas sobre cinema.\",\"breadcrumb\":{\"@id\":\"https:\/\/tvstreamzilla.com\/pt\/#breadcrumb\"},\"inLanguage\":\"pt-BR\",\"potentialAction\":[{\"@type\":\"ReadAction\",\"target\":[\"https:\/\/tvstreamzilla.com\/pt\/\"]}]},{\"@type\":\"BreadcrumbList\",\"@id\":\"https:\/\/tvstreamzilla.com\/pt\/#breadcrumb\",\"itemListElement\":[{\"@type\":\"ListItem\",\"position\":1,\"name\":\"Home\",\"item\":\"https:\/\/tvstreamzilla.com\/pt\/\"},{\"@type\":\"ListItem\",\"position\":2,\"name\":\"Home Video\"}]},{\"@type\":\"WebSite\",\"@id\":\"https:\/\/tvstreamzilla.com\/pt\/#website\",\"url\":\"https:\/\/tvstreamzilla.com\/pt\/\",\"name\":\"As \u00faltimas not\u00edcias de streaming de s\u00e9ries de TV, esportes e filmes\",\"description\":\"Streaming de programas de TV e filmes\",\"potentialAction\":[{\"@type\":\"SearchAction\",\"target\":{\"@type\":\"EntryPoint\",\"urlTemplate\":\"https:\/\/tvstreamzilla.com\/pt\/?s={search_term_string}\"},\"query-input\":\"required name=search_term_string\"}],\"inLanguage\":\"pt-BR\"}]}<\/script>\n<!-- \/ Yoast SEO plugin. -->","yoast_head_json":{"title":"TVStreamzilla: seu melhor guia para filmes, s\u00e9ries e streaming!","description":"Fornecemos o conte\u00fado mais popular e confi\u00e1vel sobre filmes e s\u00e9ries do streaming. Leia cr\u00edticas, an\u00e1lises e dicas sobre cinema.","robots":{"index":"index","follow":"follow","max-snippet":"max-snippet:-1","max-image-preview":"max-image-preview:large","max-video-preview":"max-video-preview:-1"},"canonical":"https:\/\/tvstreamzilla.com\/pt\/","og_locale":"pt_BR","og_type":"article","og_title":"TVStreamzilla: seu melhor guia para filmes, s\u00e9ries e streaming!","og_description":"Fornecemos o conte\u00fado mais popular e confi\u00e1vel sobre filmes e s\u00e9ries do streaming. Leia cr\u00edticas, an\u00e1lises e dicas sobre cinema.","og_url":"https:\/\/tvstreamzilla.com\/pt\/","og_site_name":"As \u00faltimas not\u00edcias de streaming de s\u00e9ries de TV, esportes e filmes","article_modified_time":"2025-06-13T18:00:22+00:00","twitter_card":"summary_large_image","schema":{"@context":"https:\/\/schema.org","@graph":[{"@type":"WebPage","@id":"https:\/\/tvstreamzilla.com\/pt\/","url":"https:\/\/tvstreamzilla.com\/pt\/","name":"TVStreamzilla: seu melhor guia para filmes, s\u00e9ries e streaming!","isPartOf":{"@id":"https:\/\/tvstreamzilla.com\/pt\/#website"},"datePublished":"2017-07-22T17:40:15+00:00","dateModified":"2025-06-13T18:00:22+00:00","description":"Fornecemos o conte\u00fado mais popular e confi\u00e1vel sobre filmes e s\u00e9ries do streaming. Leia cr\u00edticas, an\u00e1lises e dicas sobre cinema.","breadcrumb":{"@id":"https:\/\/tvstreamzilla.com\/pt\/#breadcrumb"},"inLanguage":"pt-BR","potentialAction":[{"@type":"ReadAction","target":["https:\/\/tvstreamzilla.com\/pt\/"]}]},{"@type":"BreadcrumbList","@id":"https:\/\/tvstreamzilla.com\/pt\/#breadcrumb","itemListElement":[{"@type":"ListItem","position":1,"name":"Home","item":"https:\/\/tvstreamzilla.com\/pt\/"},{"@type":"ListItem","position":2,"name":"Home Video"}]},{"@type":"WebSite","@id":"https:\/\/tvstreamzilla.com\/pt\/#website","url":"https:\/\/tvstreamzilla.com\/pt\/","name":"As \u00faltimas not\u00edcias de streaming de s\u00e9ries de TV, esportes e filmes","description":"Streaming de programas de TV e filmes","potentialAction":[{"@type":"SearchAction","target":{"@type":"EntryPoint","urlTemplate":"https:\/\/tvstreamzilla.com\/pt\/?s={search_term_string}"},"query-input":"required name=search_term_string"}],"inLanguage":"pt-BR"}]}},"_links":{"self":[{"href":"https:\/\/tvstreamzilla.com\/pt\/wp-json\/wp\/v2\/pages\/5"}],"collection":[{"href":"https:\/\/tvstreamzilla.com\/pt\/wp-json\/wp\/v2\/pages"}],"about":[{"href":"https:\/\/tvstreamzilla.com\/pt\/wp-json\/wp\/v2\/types\/page"}],"author":[{"embeddable":true,"href":"https:\/\/tvstreamzilla.com\/pt\/wp-json\/wp\/v2\/users\/1"}],"replies":[{"embeddable":true,"href":"https:\/\/tvstreamzilla.com\/pt\/wp-json\/wp\/v2\/comments?post=5"}],"version-history":[{"count":1,"href":"https:\/\/tvstreamzilla.com\/pt\/wp-json\/wp\/v2\/pages\/5\/revisions"}],"predecessor-version":[{"id":415,"href":"https:\/\/tvstreamzilla.com\/pt\/wp-json\/wp\/v2\/pages\/5\/revisions\/415"}],"wp:attachment":[{"href":"https:\/\/tvstreamzilla.com\/pt\/wp-json\/wp\/v2\/media?parent=5"}],"curies":[{"name":"wp","href":"https:\/\/api.w.org\/{rel}","templated":true}]}}